{"id":59374,"date":"2025-09-26T08:56:08","date_gmt":"2025-09-26T11:56:08","guid":{"rendered":"https:\/\/www.mendoza.gov.ar\/catalogoeconomiasocial\/?post_type=product&#038;p=59374"},"modified":"2025-09-26T08:56:09","modified_gmt":"2025-09-26T11:56:09","slug":"centro-de-mesa-3","status":"publish","type":"product","link":"https:\/\/www.mendoza.gov.ar\/catalogoeconomiasocial\/producto\/centro-de-mesa-3\/","title":{"rendered":"Centro de Mesa"},"content":{"rendered":"<!DOCTYPE html PUBLIC \"-\/\/W3C\/\/DTD HTML 4.0 Transitional\/\/EN\" \"http:\/\/www.w3.org\/TR\/REC-html40\/loose.dtd\">\n\n","protected":false},"excerpt":{"rendered":"Me gusta trabajar reciclando..en este caso us\u00e9 una botella de color celeste q al llevarla al horno se fusiona quedando totalmente plana y as\u00ed poder usarla por ejemplo de centro de mesa pint\u00e1ndola en este caso con im\u00e1genes bien regionales copas uvas y tambi\u00e9n colocando diferentes tama\u00f1os de vidrios para crear nuestra monta\u00f1a.. terminado este proceso se vuelve a hornear por \u00faltima vez","protected":false},"featured_media":59373,"comment_status":"open","ping_status":"closed","template":"","meta":[],"product_cat":[6046,6053,6058,6067,6068],"product_tag":[3808,1143,905],"_links":{"self":[{"href":"https:\/\/www.mendoza.gov.ar\/catalogoeconomiasocial\/wp-json\/wp\/v2\/product\/59374"}],"collection":[{"href":"https:\/\/www.mendoza.gov.ar\/catalogoeconomiasocial\/wp-json\/wp\/v2\/product"}],"about":[{"href":"https:\/\/www.mendoza.gov.ar\/catalogoeconomiasocial\/wp-json\/wp\/v2\/types\/product"}],"replies":[{"embeddable":true,"href":"https:\/\/www.mendoza.gov.ar\/catalogoeconomiasocial\/wp-json\/wp\/v2\/comments?post=59374"}],"wp:featuredmedia":[{"embeddable":true,"href":"https:\/\/www.mendoza.gov.ar\/catalogoeconomiasocial\/wp-json\/wp\/v2\/media\/59373"}],"wp:attachment":[{"href":"https:\/\/www.mendoza.gov.ar\/catalogoeconomiasocial\/wp-json\/wp\/v2\/media?parent=59374"}],"wp:term":[{"taxonomy":"product_cat","embeddable":true,"href":"https:\/\/www.mendoza.gov.ar\/catalogoeconomiasocial\/wp-json\/wp\/v2\/product_cat?post=59374"},{"taxonomy":"product_tag","embeddable":true,"href":"https:\/\/www.mendoza.gov.ar\/catalogoeconomiasocial\/wp-json\/wp\/v2\/product_tag?post=59374"}],"curies":[{"name":"wp","href":"https:\/\/api.w.org\/{rel}","templated":true}]}}