{"id":59540,"date":"2025-09-29T11:41:34","date_gmt":"2025-09-29T14:41:34","guid":{"rendered":"https:\/\/www.mendoza.gov.ar\/catalogoeconomiasocial\/?post_type=product&#038;p=59540"},"modified":"2025-09-29T11:41:34","modified_gmt":"2025-09-29T14:41:34","slug":"tablero-de-encastre","status":"publish","type":"product","link":"https:\/\/www.mendoza.gov.ar\/catalogoeconomiasocial\/producto\/tablero-de-encastre\/","title":{"rendered":"Tablero de Encastre"},"content":{"rendered":"<!DOCTYPE html PUBLIC \"-\/\/W3C\/\/DTD HTML 4.0 Transitional\/\/EN\" \"http:\/\/www.w3.org\/TR\/REC-html40\/loose.dtd\">\n\n","protected":false},"excerpt":{"rendered":"<div id=\"Tj9Y4e\" class=\"KP7TGc RjsPE\" data-observe-id=\"u59cif\" data-is-migration-recent=\"false\">\r\n<div class=\"ua2Qrb\">\r\n<div id=\"ResponsesView\" class=\"rxsFue gmvbEd\">\r\n<div class=\"nMw83b\" data-observe-id=\"w6TSZ\">\r\n<div id=\"i85\">\r\n<div class=\"csgrRe\">\r\n<div class=\"uMXdLb\">\r\n<div class=\"RH5hzf RLS9Fe\">\r\n<div class=\"lrKTG\">\r\n<div class=\"o3Dpx\" role=\"list\">\r\n<div class=\"Qr7Oae\" role=\"listitem\">\r\n<div class=\"OxAavc NVbRL\" data-item-id=\"1926622796\">\r\n<div class=\"Ih4Dzb\">\r\n<div class=\"q4tvle JqSWld yqQS1\" tabindex=\"0\" role=\"textbox\" aria-label=\"Descripci\u00f3n del Producto\/Servicio 2. Recuerde que es muy \u00fatil que describa las caracter\u00edsticas del producto o servicio de forma completa. Por ej: material en el que lo fabrica, medidas, proceso, etc.\" aria-disabled=\"true\">Es un juguete dise\u00f1ado para que los ni\u00f1os desarrollen habilidades motoras y cognitivas a trav\u00e9s del juego. Incluye piezas de diferentes formas, tama\u00f1o y color.<\/div>\r\n<\/div>\r\n<\/div>\r\n<\/div>\r\n<div class=\"Qr7Oae\" role=\"listitem\">\r\n<div class=\"OxAavc\" data-input=\"L9xHkb\" data-item-id=\"807887054\">\r\n<div class=\"pYfr3c\">\r\n<div class=\"prOLdf\">\r\n<div class=\"g53bl\"><\/div>\r\n<\/div>\r\n<\/div>\r\n<\/div>\r\n<\/div>\r\n<\/div>\r\n<\/div>\r\n<div class=\"phD6Pe\"><\/div>\r\n<\/div>\r\n<\/div>\r\n<\/div>\r\n<\/div>\r\n<\/div>\r\n<\/div>\r\n<\/div>\r\n<div class=\"H4pZ5c\" aria-hidden=\"true\"><\/div>\r\n<\/div>\r\n<div><\/div>\r\n<div class=\"CTPS3b LK5yu RjsPE\">\r\n<div class=\"JfdRKe\" data-menu-action-id=\"freebird-help-menu\" data-action-id=\"freebird-help-menu\" data-action-properties=\"enabled,visible\" data-entry-point=\"7\">\r\n<div class=\"U26fgb JRtysb WzwrXb I12f0b K2mXPb\" tabindex=\"0\" role=\"button\" aria-label=\"Ayuda y comentarios\" data-tooltip=\"Ayuda y comentarios\" aria-haspopup=\"true\" aria-expanded=\"false\" data-dynamic=\"true\" data-menu-corner=\"bottom-center\" data-anchor-corner=\"top-center\" data-tooltip-position=\"top\" data-tooltip-vertical-offset=\"12\" data-tooltip-horizontal-offset=\"0\">\r\n<div class=\"foqfDc gdyQ3c\"><\/div>\r\n<\/div>\r\n<\/div>\r\n<\/div>","protected":false},"featured_media":59541,"comment_status":"open","ping_status":"closed","template":"","meta":[],"product_cat":[1065,6123],"product_tag":[1074,595,658],"_links":{"self":[{"href":"https:\/\/www.mendoza.gov.ar\/catalogoeconomiasocial\/wp-json\/wp\/v2\/product\/59540"}],"collection":[{"href":"https:\/\/www.mendoza.gov.ar\/catalogoeconomiasocial\/wp-json\/wp\/v2\/product"}],"about":[{"href":"https:\/\/www.mendoza.gov.ar\/catalogoeconomiasocial\/wp-json\/wp\/v2\/types\/product"}],"replies":[{"embeddable":true,"href":"https:\/\/www.mendoza.gov.ar\/catalogoeconomiasocial\/wp-json\/wp\/v2\/comments?post=59540"}],"wp:featuredmedia":[{"embeddable":true,"href":"https:\/\/www.mendoza.gov.ar\/catalogoeconomiasocial\/wp-json\/wp\/v2\/media\/59541"}],"wp:attachment":[{"href":"https:\/\/www.mendoza.gov.ar\/catalogoeconomiasocial\/wp-json\/wp\/v2\/media?parent=59540"}],"wp:term":[{"taxonomy":"product_cat","embeddable":true,"href":"https:\/\/www.mendoza.gov.ar\/catalogoeconomiasocial\/wp-json\/wp\/v2\/product_cat?post=59540"},{"taxonomy":"product_tag","embeddable":true,"href":"https:\/\/www.mendoza.gov.ar\/catalogoeconomiasocial\/wp-json\/wp\/v2\/product_tag?post=59540"}],"curies":[{"name":"wp","href":"https:\/\/api.w.org\/{rel}","templated":true}]}}