{"id":59549,"date":"2025-09-29T12:34:19","date_gmt":"2025-09-29T15:34:19","guid":{"rendered":"https:\/\/www.mendoza.gov.ar\/catalogoeconomiasocial\/?post_type=product&#038;p=59549"},"modified":"2025-09-29T12:34:32","modified_gmt":"2025-09-29T15:34:32","slug":"59549","status":"publish","type":"product","link":"https:\/\/www.mendoza.gov.ar\/catalogoeconomiasocial\/producto\/59549\/","title":{"rendered":"Manta al Telar"},"content":{"rendered":"<!DOCTYPE html PUBLIC \"-\/\/W3C\/\/DTD HTML 4.0 Transitional\/\/EN\" \"http:\/\/www.w3.org\/TR\/REC-html40\/loose.dtd\">\n\n","protected":false},"excerpt":{"rendered":"Las medidas y dise\u00f1os van a depender siempre de lo que quiera el cliente y del producto que se vaya a realizar.\r\n\r\nLa materia prima principal es la lana de oveja. Primero se realiza la esquila, luego la lana se lava y se limpia para quitar impurezas. Despu\u00e9s se procede al hilado, torciendo las fibras hasta formar hilos firmes. Con esos hilos se hace el te\u00f1ido, usando colores naturales o preparados. Finalmente, en el telar vertical mapuche se van tejiendo los dise\u00f1os que dan vida a cada prenda o accesorio.","protected":false},"featured_media":59551,"comment_status":"open","ping_status":"closed","template":"","meta":[],"product_cat":[1312,6250],"product_tag":[577,843],"_links":{"self":[{"href":"https:\/\/www.mendoza.gov.ar\/catalogoeconomiasocial\/wp-json\/wp\/v2\/product\/59549"}],"collection":[{"href":"https:\/\/www.mendoza.gov.ar\/catalogoeconomiasocial\/wp-json\/wp\/v2\/product"}],"about":[{"href":"https:\/\/www.mendoza.gov.ar\/catalogoeconomiasocial\/wp-json\/wp\/v2\/types\/product"}],"replies":[{"embeddable":true,"href":"https:\/\/www.mendoza.gov.ar\/catalogoeconomiasocial\/wp-json\/wp\/v2\/comments?post=59549"}],"wp:featuredmedia":[{"embeddable":true,"href":"https:\/\/www.mendoza.gov.ar\/catalogoeconomiasocial\/wp-json\/wp\/v2\/media\/59551"}],"wp:attachment":[{"href":"https:\/\/www.mendoza.gov.ar\/catalogoeconomiasocial\/wp-json\/wp\/v2\/media?parent=59549"}],"wp:term":[{"taxonomy":"product_cat","embeddable":true,"href":"https:\/\/www.mendoza.gov.ar\/catalogoeconomiasocial\/wp-json\/wp\/v2\/product_cat?post=59549"},{"taxonomy":"product_tag","embeddable":true,"href":"https:\/\/www.mendoza.gov.ar\/catalogoeconomiasocial\/wp-json\/wp\/v2\/product_tag?post=59549"}],"curies":[{"name":"wp","href":"https:\/\/api.w.org\/{rel}","templated":true}]}}