{"id":59571,"date":"2025-09-30T10:09:58","date_gmt":"2025-09-30T13:09:58","guid":{"rendered":"https:\/\/www.mendoza.gov.ar\/catalogoeconomiasocial\/?post_type=product&#038;p=59571"},"modified":"2025-09-30T10:09:59","modified_gmt":"2025-09-30T13:09:59","slug":"velas-de-cera-de-soja-artesanales","status":"publish","type":"product","link":"https:\/\/www.mendoza.gov.ar\/catalogoeconomiasocial\/producto\/velas-de-cera-de-soja-artesanales\/","title":{"rendered":"Velas de Cera de Soja Artesanales"},"content":{"rendered":"<!DOCTYPE html PUBLIC \"-\/\/W3C\/\/DTD HTML 4.0 Transitional\/\/EN\" \"http:\/\/www.w3.org\/TR\/REC-html40\/loose.dtd\">\n\n","protected":false},"excerpt":{"rendered":"Vela elaborada con cera de soja en envase de yeso. Medida: 7cm de ancho x 4cm de alto. Proceso de elaboraci\u00f3n: En un recipiente a ba\u00f1o mar\u00eda se coloca la cera con medidas exactas a temperatura entre 80\u00b0 y 70\u00b0, luego entre 60\u00b0 y 65\u00b0 se agregan las respectivas medidas de endurecedor, fragancia y colorante, hecho previamente en recipientes separados. Las mismas se mezclan durante 2 minutos y a una temperatura de 45\u00b0 a 50\u00b0 se vierte en envase con su respectivo pabilo, el tiempo de estacionamiento es de 15 a 20 d\u00edas. Envase de yeso. Medida: 4cm de alto x 7cm de di\u00e1metro. Proceso de elaboraci\u00f3n: Se coloca las medidas en recipientes, 39g de agua y 56g de yeso, se deja reposar 1 minuto hasta que el agua absorba el yeso, se mezcla y se vierte en el molde de silicona. Desmoldar de 30 a 60 minutos, secado total 24 horas. Sellado del envase con sellador al agua.","protected":false},"featured_media":59572,"comment_status":"open","ping_status":"closed","template":"","meta":[],"product_cat":[6046,6058,6067,6076],"product_tag":[7115,2100],"_links":{"self":[{"href":"https:\/\/www.mendoza.gov.ar\/catalogoeconomiasocial\/wp-json\/wp\/v2\/product\/59571"}],"collection":[{"href":"https:\/\/www.mendoza.gov.ar\/catalogoeconomiasocial\/wp-json\/wp\/v2\/product"}],"about":[{"href":"https:\/\/www.mendoza.gov.ar\/catalogoeconomiasocial\/wp-json\/wp\/v2\/types\/product"}],"replies":[{"embeddable":true,"href":"https:\/\/www.mendoza.gov.ar\/catalogoeconomiasocial\/wp-json\/wp\/v2\/comments?post=59571"}],"wp:featuredmedia":[{"embeddable":true,"href":"https:\/\/www.mendoza.gov.ar\/catalogoeconomiasocial\/wp-json\/wp\/v2\/media\/59572"}],"wp:attachment":[{"href":"https:\/\/www.mendoza.gov.ar\/catalogoeconomiasocial\/wp-json\/wp\/v2\/media?parent=59571"}],"wp:term":[{"taxonomy":"product_cat","embeddable":true,"href":"https:\/\/www.mendoza.gov.ar\/catalogoeconomiasocial\/wp-json\/wp\/v2\/product_cat?post=59571"},{"taxonomy":"product_tag","embeddable":true,"href":"https:\/\/www.mendoza.gov.ar\/catalogoeconomiasocial\/wp-json\/wp\/v2\/product_tag?post=59571"}],"curies":[{"name":"wp","href":"https:\/\/api.w.org\/{rel}","templated":true}]}}