{"id":59591,"date":"2025-09-30T11:09:51","date_gmt":"2025-09-30T14:09:51","guid":{"rendered":"https:\/\/www.mendoza.gov.ar\/catalogoeconomiasocial\/?post_type=product&#038;p=59591"},"modified":"2025-09-30T11:09:51","modified_gmt":"2025-09-30T14:09:51","slug":"huevos-de-granja","status":"publish","type":"product","link":"https:\/\/www.mendoza.gov.ar\/catalogoeconomiasocial\/producto\/huevos-de-granja\/","title":{"rendered":"Huevos de Granja"},"content":{"rendered":"<!DOCTYPE html PUBLIC \"-\/\/W3C\/\/DTD HTML 4.0 Transitional\/\/EN\" \"http:\/\/www.w3.org\/TR\/REC-html40\/loose.dtd\">\n\n","protected":false},"excerpt":{"rendered":"\ud83e\udd5a Huevos de Granja \u2013Productos Artesanales Granja Do\u00f1a Zoila\r\n\r\nProducidos de manera natural por gallinas felices criadas y alimentadas con granos seleccionados y cuidados tradicionales. Estos huevos conservan el aut\u00e9ntico sabor de campo y una frescura incomparable que los hace \u00fanicos frente a los industriales. Su c\u00e1scara firme y su yema intensa son reflejo de la crianza responsable y artesanal, brindando un alimento nutritivo, rico en prote\u00ednas y vitaminas, ideal para toda la familia. Perfectos para desayunos, reposter\u00eda, pastas caseras o para disfrutar en preparaciones simples que resalten su calidad natural.\r\n\r\n\ud83d\udc49 Presentaci\u00f3n: Maple de 6, 12 y 30 unidades.\r\n\r\n\ud83d\udc49 Conservaci\u00f3n: Mantener en lugar fresco y seco.\r\n\r\n\ud83d\udc49 Origen: San Mart\u00edn, Mendoza. Industria Argentina.\r\n\r\nGranja Do\u00f1a Zoila: el aut\u00e9ntico sabor de lo natural, directo del campo a tu mesa.","protected":false},"featured_media":59592,"comment_status":"open","ping_status":"closed","template":"","meta":[],"product_cat":[5946,5947,5961],"product_tag":[7326,8046,7097],"_links":{"self":[{"href":"https:\/\/www.mendoza.gov.ar\/catalogoeconomiasocial\/wp-json\/wp\/v2\/product\/59591"}],"collection":[{"href":"https:\/\/www.mendoza.gov.ar\/catalogoeconomiasocial\/wp-json\/wp\/v2\/product"}],"about":[{"href":"https:\/\/www.mendoza.gov.ar\/catalogoeconomiasocial\/wp-json\/wp\/v2\/types\/product"}],"replies":[{"embeddable":true,"href":"https:\/\/www.mendoza.gov.ar\/catalogoeconomiasocial\/wp-json\/wp\/v2\/comments?post=59591"}],"wp:featuredmedia":[{"embeddable":true,"href":"https:\/\/www.mendoza.gov.ar\/catalogoeconomiasocial\/wp-json\/wp\/v2\/media\/59592"}],"wp:attachment":[{"href":"https:\/\/www.mendoza.gov.ar\/catalogoeconomiasocial\/wp-json\/wp\/v2\/media?parent=59591"}],"wp:term":[{"taxonomy":"product_cat","embeddable":true,"href":"https:\/\/www.mendoza.gov.ar\/catalogoeconomiasocial\/wp-json\/wp\/v2\/product_cat?post=59591"},{"taxonomy":"product_tag","embeddable":true,"href":"https:\/\/www.mendoza.gov.ar\/catalogoeconomiasocial\/wp-json\/wp\/v2\/product_tag?post=59591"}],"curies":[{"name":"wp","href":"https:\/\/api.w.org\/{rel}","templated":true}]}}