{"id":59598,"date":"2025-09-30T11:42:16","date_gmt":"2025-09-30T14:42:16","guid":{"rendered":"https:\/\/www.mendoza.gov.ar\/catalogoeconomiasocial\/?post_type=product&#038;p=59598"},"modified":"2025-09-30T11:42:16","modified_gmt":"2025-09-30T14:42:16","slug":"alfajores-artesanales","status":"publish","type":"product","link":"https:\/\/www.mendoza.gov.ar\/catalogoeconomiasocial\/producto\/alfajores-artesanales\/","title":{"rendered":"Alfajores Artesanales"},"content":{"rendered":"<!DOCTYPE html PUBLIC \"-\/\/W3C\/\/DTD HTML 4.0 Transitional\/\/EN\" \"http:\/\/www.w3.org\/TR\/REC-html40\/loose.dtd\">\n\n","protected":false},"excerpt":{"rendered":"\ud83c\udf6b Alfajfacore de Chocolate Sabor Fetnet relleno con Dulce de Leche &#8211; By Juana DEL BODEG\u00d3N REGIONAL\r\n\r\nUna propuesta \u00fanica y aut\u00e9nticamente mendocina: nuestros alfajores artesanales combinan la suavidad del mejor chocolate con el inconfundible sabor del fernet. Cada bocado es una experiencia intensa y equilibrada entre lo dulce y lo amargo, pensada para los paladares que buscan algo distinto. Elaborados con tapas de cacao esponjosas, un relleno cremoso con notas de fernet y un ba\u00f1o de chocolate que los envuelve, son ideales para acompa\u00f1ar el caf\u00e9, compartir en reuniones o disfrutar como un capricho gourmet.\r\n\r\n\ud83d\udc49 Presentaci\u00f3n: Alfajores individuales envueltos en papel met\u00e1lico rojo x 90 gramos.\r\n\r\n\ud83d\udc49 Conservaci\u00f3n: Mantener en lugar fresco y seco.\r\n\r\n\ud83d\udc49 Origen: San Mart\u00edn, Mendoza. Industria Argentina. By Juana: hecho con amor, un alfajor con identidad mendocina.","protected":false},"featured_media":59595,"comment_status":"open","ping_status":"closed","template":"","meta":[],"product_cat":[5946,6016,6023,6026],"product_tag":[227,1028],"_links":{"self":[{"href":"https:\/\/www.mendoza.gov.ar\/catalogoeconomiasocial\/wp-json\/wp\/v2\/product\/59598"}],"collection":[{"href":"https:\/\/www.mendoza.gov.ar\/catalogoeconomiasocial\/wp-json\/wp\/v2\/product"}],"about":[{"href":"https:\/\/www.mendoza.gov.ar\/catalogoeconomiasocial\/wp-json\/wp\/v2\/types\/product"}],"replies":[{"embeddable":true,"href":"https:\/\/www.mendoza.gov.ar\/catalogoeconomiasocial\/wp-json\/wp\/v2\/comments?post=59598"}],"wp:featuredmedia":[{"embeddable":true,"href":"https:\/\/www.mendoza.gov.ar\/catalogoeconomiasocial\/wp-json\/wp\/v2\/media\/59595"}],"wp:attachment":[{"href":"https:\/\/www.mendoza.gov.ar\/catalogoeconomiasocial\/wp-json\/wp\/v2\/media?parent=59598"}],"wp:term":[{"taxonomy":"product_cat","embeddable":true,"href":"https:\/\/www.mendoza.gov.ar\/catalogoeconomiasocial\/wp-json\/wp\/v2\/product_cat?post=59598"},{"taxonomy":"product_tag","embeddable":true,"href":"https:\/\/www.mendoza.gov.ar\/catalogoeconomiasocial\/wp-json\/wp\/v2\/product_tag?post=59598"}],"curies":[{"name":"wp","href":"https:\/\/api.w.org\/{rel}","templated":true}]}}