{"id":59632,"date":"2025-10-01T10:42:46","date_gmt":"2025-10-01T13:42:46","guid":{"rendered":"https:\/\/www.mendoza.gov.ar\/catalogoeconomiasocial\/?post_type=product&#038;p=59632"},"modified":"2025-10-01T10:42:46","modified_gmt":"2025-10-01T13:42:46","slug":"munecas-quitapenas","status":"publish","type":"product","link":"https:\/\/www.mendoza.gov.ar\/catalogoeconomiasocial\/producto\/munecas-quitapenas\/","title":{"rendered":"Mu\u00f1ecas Quitapenas"},"content":{"rendered":"<!DOCTYPE html PUBLIC \"-\/\/W3C\/\/DTD HTML 4.0 Transitional\/\/EN\" \"http:\/\/www.w3.org\/TR\/REC-html40\/loose.dtd\">\n\n","protected":false},"excerpt":{"rendered":"<div class=\"Qr7Oae\" role=\"listitem\">\r\n<div class=\"OxAavc NVbRL\" data-item-id=\"1926622796\">\r\n<div class=\"Ih4Dzb\">\r\n<div class=\"q4tvle JqSWld yqQS1\" tabindex=\"0\" role=\"textbox\" aria-label=\"Descripci\u00f3n del Producto\/Servicio 2. Recuerde que es muy \u00fatil que describa las caracter\u00edsticas del producto o servicio de forma completa. Por ej: material en el que lo fabrica, medidas, proceso, etc.\" aria-disabled=\"true\">Mu\u00f1ecas de tela llamadas quitapenas, realizadas en jersey de poli\u00e9ster, rellenas con semillas de lino y lavanda . Cada una tiene una simbolog\u00eda diferente.<\/div>\r\n<\/div>\r\n<\/div>\r\n<\/div>\r\n<div class=\"Qr7Oae\" role=\"listitem\">\r\n<div class=\"OxAavc\" data-input=\"L9xHkb\" data-item-id=\"807887054\">\r\n<div class=\"pYfr3c\">\r\n<div class=\"prOLdf\">\r\n<div class=\"g53bl\">\r\n<div id=\"c791\" class=\"cTDvob D1wxyf RjsPE\" role=\"heading\" aria-level=\"3\" aria-describedby=\"i.desc.807887054\"><\/div>\r\n<\/div>\r\n<\/div>\r\n<\/div>\r\n<\/div>\r\n<\/div>","protected":false},"featured_media":59633,"comment_status":"open","ping_status":"closed","template":"","meta":[],"product_cat":[1065,6120],"product_tag":[2167,1485,849],"_links":{"self":[{"href":"https:\/\/www.mendoza.gov.ar\/catalogoeconomiasocial\/wp-json\/wp\/v2\/product\/59632"}],"collection":[{"href":"https:\/\/www.mendoza.gov.ar\/catalogoeconomiasocial\/wp-json\/wp\/v2\/product"}],"about":[{"href":"https:\/\/www.mendoza.gov.ar\/catalogoeconomiasocial\/wp-json\/wp\/v2\/types\/product"}],"replies":[{"embeddable":true,"href":"https:\/\/www.mendoza.gov.ar\/catalogoeconomiasocial\/wp-json\/wp\/v2\/comments?post=59632"}],"wp:featuredmedia":[{"embeddable":true,"href":"https:\/\/www.mendoza.gov.ar\/catalogoeconomiasocial\/wp-json\/wp\/v2\/media\/59633"}],"wp:attachment":[{"href":"https:\/\/www.mendoza.gov.ar\/catalogoeconomiasocial\/wp-json\/wp\/v2\/media?parent=59632"}],"wp:term":[{"taxonomy":"product_cat","embeddable":true,"href":"https:\/\/www.mendoza.gov.ar\/catalogoeconomiasocial\/wp-json\/wp\/v2\/product_cat?post=59632"},{"taxonomy":"product_tag","embeddable":true,"href":"https:\/\/www.mendoza.gov.ar\/catalogoeconomiasocial\/wp-json\/wp\/v2\/product_tag?post=59632"}],"curies":[{"name":"wp","href":"https:\/\/api.w.org\/{rel}","templated":true}]}}