{"id":59653,"date":"2025-10-01T11:06:30","date_gmt":"2025-10-01T14:06:30","guid":{"rendered":"https:\/\/www.mendoza.gov.ar\/catalogoeconomiasocial\/?post_type=product&#038;p=59653"},"modified":"2025-10-01T11:06:30","modified_gmt":"2025-10-01T14:06:30","slug":"cesto-para-residuos","status":"publish","type":"product","link":"https:\/\/www.mendoza.gov.ar\/catalogoeconomiasocial\/producto\/cesto-para-residuos\/","title":{"rendered":"Cesto para Residuos"},"content":{"rendered":"<!DOCTYPE html PUBLIC \"-\/\/W3C\/\/DTD HTML 4.0 Transitional\/\/EN\" \"http:\/\/www.w3.org\/TR\/REC-html40\/loose.dtd\">\n\n","protected":false},"excerpt":{"rendered":"\u267b\ufe0f ECO Tacho \u2013 Luj\u00e1n Sustentable\r\n\r\n\ud83c\udf31 Cuidemos el planeta desde casa\r\n\r\n\ud83d\udc9a Nuestros tachos ecol\u00f3gicos reutilizables est\u00e1n dise\u00f1ados para facilitar la separaci\u00f3n de residuos y fomentar el reciclaje.\r\n\r\n\u2705 Material resistente y duradero\r\n\r\n\u2705 Impreso con logos de compromiso ambiental\r\n\r\n\u2705 Ideal para hogares, escuelas, oficinas y comercios\r\n\r\n\u2705 Promueve una ciudad m\u00e1s limpia y consciente Con ECO Tacho hacemos juntos un paso m\u00e1s hacia un futuro sustentable \ud83c\udf0d.\r\n\r\n\ud83d\udc49 Sumate al cambio, \u00a1separ\u00e1 y recicl\u00e1 con responsabilidad!","protected":false},"featured_media":59655,"comment_status":"open","ping_status":"closed","template":"","meta":[],"product_cat":[6149,6246,6247],"product_tag":[7205,5612],"_links":{"self":[{"href":"https:\/\/www.mendoza.gov.ar\/catalogoeconomiasocial\/wp-json\/wp\/v2\/product\/59653"}],"collection":[{"href":"https:\/\/www.mendoza.gov.ar\/catalogoeconomiasocial\/wp-json\/wp\/v2\/product"}],"about":[{"href":"https:\/\/www.mendoza.gov.ar\/catalogoeconomiasocial\/wp-json\/wp\/v2\/types\/product"}],"replies":[{"embeddable":true,"href":"https:\/\/www.mendoza.gov.ar\/catalogoeconomiasocial\/wp-json\/wp\/v2\/comments?post=59653"}],"wp:featuredmedia":[{"embeddable":true,"href":"https:\/\/www.mendoza.gov.ar\/catalogoeconomiasocial\/wp-json\/wp\/v2\/media\/59655"}],"wp:attachment":[{"href":"https:\/\/www.mendoza.gov.ar\/catalogoeconomiasocial\/wp-json\/wp\/v2\/media?parent=59653"}],"wp:term":[{"taxonomy":"product_cat","embeddable":true,"href":"https:\/\/www.mendoza.gov.ar\/catalogoeconomiasocial\/wp-json\/wp\/v2\/product_cat?post=59653"},{"taxonomy":"product_tag","embeddable":true,"href":"https:\/\/www.mendoza.gov.ar\/catalogoeconomiasocial\/wp-json\/wp\/v2\/product_tag?post=59653"}],"curies":[{"name":"wp","href":"https:\/\/api.w.org\/{rel}","templated":true}]}}