{"id":59709,"date":"2025-10-02T11:47:32","date_gmt":"2025-10-02T14:47:32","guid":{"rendered":"https:\/\/www.mendoza.gov.ar\/catalogoeconomiasocial\/?post_type=product&#038;p=59709"},"modified":"2025-10-02T11:47:33","modified_gmt":"2025-10-02T14:47:33","slug":"cubo-didactico-sensorial-sonoro","status":"publish","type":"product","link":"https:\/\/www.mendoza.gov.ar\/catalogoeconomiasocial\/producto\/cubo-didactico-sensorial-sonoro\/","title":{"rendered":"Cubo Did\u00e1ctico Sensorial Sonoro"},"content":{"rendered":"<!DOCTYPE html PUBLIC \"-\/\/W3C\/\/DTD HTML 4.0 Transitional\/\/EN\" \"http:\/\/www.w3.org\/TR\/REC-html40\/loose.dtd\">\n\n","protected":false},"excerpt":{"rendered":"Es un juguete; ideal para que los bebes\/ni\u00f1os puedan explorar. Cada cara del cubo posee un dise\u00f1o y una propuesta distinta. Es un juguete educativo, est\u00e1 dise\u00f1ado para captar la atenci\u00f3n de ni\u00f1o mediante diferentes texturas, colores, formas, y sonidos, estimulando as\u00ed su sentido del tacto, vista y el o\u00eddo. Este proceso de exploraci\u00f3n ayuda al ni\u00f1o a desarrollar habilidades motoras finas, mejorar su coordinaci\u00f3n ojo-mano y fomentar su capacidad de concentraci\u00f3n. Contiene 6 actividades m\u00e1s agarre y tiras de laterales. Ideal para bebes a partir de los 6 meses hasta los 4\/5 a\u00f1os. Materiales: Telas de diferentes texturas, vell\u00f3n siliconado, abrojos, sonajero, cierres, materiales reciclados, argolla de madera. T\u00e9cnica: M\u00e1quina de coser y costura a mano. Tama\u00f1o: 15cm x 15cm. Color: Multicolor. Se puede lavar en el lavarropas (en funda)","protected":false},"featured_media":59711,"comment_status":"open","ping_status":"closed","template":"","meta":[],"product_cat":[1065,6123],"product_tag":[8058,658,8057,849],"_links":{"self":[{"href":"https:\/\/www.mendoza.gov.ar\/catalogoeconomiasocial\/wp-json\/wp\/v2\/product\/59709"}],"collection":[{"href":"https:\/\/www.mendoza.gov.ar\/catalogoeconomiasocial\/wp-json\/wp\/v2\/product"}],"about":[{"href":"https:\/\/www.mendoza.gov.ar\/catalogoeconomiasocial\/wp-json\/wp\/v2\/types\/product"}],"replies":[{"embeddable":true,"href":"https:\/\/www.mendoza.gov.ar\/catalogoeconomiasocial\/wp-json\/wp\/v2\/comments?post=59709"}],"wp:featuredmedia":[{"embeddable":true,"href":"https:\/\/www.mendoza.gov.ar\/catalogoeconomiasocial\/wp-json\/wp\/v2\/media\/59711"}],"wp:attachment":[{"href":"https:\/\/www.mendoza.gov.ar\/catalogoeconomiasocial\/wp-json\/wp\/v2\/media?parent=59709"}],"wp:term":[{"taxonomy":"product_cat","embeddable":true,"href":"https:\/\/www.mendoza.gov.ar\/catalogoeconomiasocial\/wp-json\/wp\/v2\/product_cat?post=59709"},{"taxonomy":"product_tag","embeddable":true,"href":"https:\/\/www.mendoza.gov.ar\/catalogoeconomiasocial\/wp-json\/wp\/v2\/product_tag?post=59709"}],"curies":[{"name":"wp","href":"https:\/\/api.w.org\/{rel}","templated":true}]}}