{"id":59747,"date":"2025-10-09T10:11:30","date_gmt":"2025-10-09T13:11:30","guid":{"rendered":"https:\/\/www.mendoza.gov.ar\/catalogoeconomiasocial\/?post_type=product&#038;p=59747"},"modified":"2025-10-09T10:11:30","modified_gmt":"2025-10-09T13:11:30","slug":"figuras-nacionales","status":"publish","type":"product","link":"https:\/\/www.mendoza.gov.ar\/catalogoeconomiasocial\/producto\/figuras-nacionales\/","title":{"rendered":"Figuras Nacionales"},"content":{"rendered":"<!DOCTYPE html PUBLIC \"-\/\/W3C\/\/DTD HTML 4.0 Transitional\/\/EN\" \"http:\/\/www.w3.org\/TR\/REC-html40\/loose.dtd\">\n\n","protected":false},"excerpt":{"rendered":"Figuras coleccionables y decorativas inspiradas en personajes y s\u00edmbolos culturales nacionales. Cada pieza es dise\u00f1ada digitalmente y producida mediante impresi\u00f3n 3D en PLA (biopl\u00e1stico de origen vegetal), para luego ser lijada, pintada y terminada a mano, logrando un acabado artesanal \u00fanico. En este caso las figuras tienen entre 10 y 16 cm de altura seg\u00fan el modelo y se destacan por su nivel de detalle y durabilidad. Son ideales para coleccionistas, decoraci\u00f3n o regalos con identidad local.","protected":false},"featured_media":59751,"comment_status":"open","ping_status":"closed","template":"","meta":[],"product_cat":[6149,6366],"product_tag":[267,8063,7712,6848],"_links":{"self":[{"href":"https:\/\/www.mendoza.gov.ar\/catalogoeconomiasocial\/wp-json\/wp\/v2\/product\/59747"}],"collection":[{"href":"https:\/\/www.mendoza.gov.ar\/catalogoeconomiasocial\/wp-json\/wp\/v2\/product"}],"about":[{"href":"https:\/\/www.mendoza.gov.ar\/catalogoeconomiasocial\/wp-json\/wp\/v2\/types\/product"}],"replies":[{"embeddable":true,"href":"https:\/\/www.mendoza.gov.ar\/catalogoeconomiasocial\/wp-json\/wp\/v2\/comments?post=59747"}],"wp:featuredmedia":[{"embeddable":true,"href":"https:\/\/www.mendoza.gov.ar\/catalogoeconomiasocial\/wp-json\/wp\/v2\/media\/59751"}],"wp:attachment":[{"href":"https:\/\/www.mendoza.gov.ar\/catalogoeconomiasocial\/wp-json\/wp\/v2\/media?parent=59747"}],"wp:term":[{"taxonomy":"product_cat","embeddable":true,"href":"https:\/\/www.mendoza.gov.ar\/catalogoeconomiasocial\/wp-json\/wp\/v2\/product_cat?post=59747"},{"taxonomy":"product_tag","embeddable":true,"href":"https:\/\/www.mendoza.gov.ar\/catalogoeconomiasocial\/wp-json\/wp\/v2\/product_tag?post=59747"}],"curies":[{"name":"wp","href":"https:\/\/api.w.org\/{rel}","templated":true}]}}