{"id":59756,"date":"2025-10-09T10:19:50","date_gmt":"2025-10-09T13:19:50","guid":{"rendered":"https:\/\/www.mendoza.gov.ar\/catalogoeconomiasocial\/?post_type=product&#038;p=59756"},"modified":"2025-10-09T10:19:50","modified_gmt":"2025-10-09T13:19:50","slug":"servicio-de-impresion-3d-por-pedido","status":"publish","type":"product","link":"https:\/\/www.mendoza.gov.ar\/catalogoeconomiasocial\/producto\/servicio-de-impresion-3d-por-pedido\/","title":{"rendered":"Servicio de Impresion 3D por Pedido"},"content":{"rendered":"<!DOCTYPE html PUBLIC \"-\/\/W3C\/\/DTD HTML 4.0 Transitional\/\/EN\" \"http:\/\/www.w3.org\/TR\/REC-html40\/loose.dtd\">\n\n","protected":false},"excerpt":{"rendered":"Ofrecemos un servicio de impresi\u00f3n 3D personalizado, a partir de im\u00e1genes, ideas o modelos de referencia. En este caso, se desarroll\u00f3 una figura de dinosaurio saliendo del cascar\u00f3n, replicando una imagen provista por el cliente. La pieza mide 24 cm de altura, fue modelada digitalmente, impresa en PLA y luego intervenida artesanalmente con pintura y detalles a mano, logrando un acabado realista. Este servicio permite materializar dise\u00f1os \u00fanicos: personajes, objetos decorativos o piezas t\u00e9cnicas, adaptados a las necesidades de cada persona.","protected":false},"featured_media":59750,"comment_status":"open","ping_status":"closed","template":"","meta":[],"product_cat":[6149,6366],"product_tag":[4765,1458],"_links":{"self":[{"href":"https:\/\/www.mendoza.gov.ar\/catalogoeconomiasocial\/wp-json\/wp\/v2\/product\/59756"}],"collection":[{"href":"https:\/\/www.mendoza.gov.ar\/catalogoeconomiasocial\/wp-json\/wp\/v2\/product"}],"about":[{"href":"https:\/\/www.mendoza.gov.ar\/catalogoeconomiasocial\/wp-json\/wp\/v2\/types\/product"}],"replies":[{"embeddable":true,"href":"https:\/\/www.mendoza.gov.ar\/catalogoeconomiasocial\/wp-json\/wp\/v2\/comments?post=59756"}],"wp:featuredmedia":[{"embeddable":true,"href":"https:\/\/www.mendoza.gov.ar\/catalogoeconomiasocial\/wp-json\/wp\/v2\/media\/59750"}],"wp:attachment":[{"href":"https:\/\/www.mendoza.gov.ar\/catalogoeconomiasocial\/wp-json\/wp\/v2\/media?parent=59756"}],"wp:term":[{"taxonomy":"product_cat","embeddable":true,"href":"https:\/\/www.mendoza.gov.ar\/catalogoeconomiasocial\/wp-json\/wp\/v2\/product_cat?post=59756"},{"taxonomy":"product_tag","embeddable":true,"href":"https:\/\/www.mendoza.gov.ar\/catalogoeconomiasocial\/wp-json\/wp\/v2\/product_tag?post=59756"}],"curies":[{"name":"wp","href":"https:\/\/api.w.org\/{rel}","templated":true}]}}