{"id":59757,"date":"2025-10-09T10:50:49","date_gmt":"2025-10-09T13:50:49","guid":{"rendered":"https:\/\/www.mendoza.gov.ar\/catalogoeconomiasocial\/?post_type=product&#038;p=59757"},"modified":"2025-10-09T12:05:27","modified_gmt":"2025-10-09T15:05:27","slug":"castillo-en-3d","status":"publish","type":"product","link":"https:\/\/www.mendoza.gov.ar\/catalogoeconomiasocial\/producto\/castillo-en-3d\/","title":{"rendered":"Castillo en 3D  &#8211; Castillo Ambulante"},"content":{"rendered":"<!DOCTYPE html PUBLIC \"-\/\/W3C\/\/DTD HTML 4.0 Transitional\/\/EN\" \"http:\/\/www.w3.org\/TR\/REC-html40\/loose.dtd\">\n\n","protected":false},"excerpt":{"rendered":"Esta figura representa una parte muy especial de lo que nos inspira. Amamos el arte, las historias y la est\u00e9tica de Studio Ghibli, y trabajar con piezas como esta nos llena de entusiasmo y energ\u00eda creativa. Cada proyecto de este estilo es una oportunidad para conectar con aquello que nos apasiona profundamente: el anime, la fantas\u00eda y esos mundos que nos hacen so\u00f1ar. La figura mide 26 cm de altura y destaca por su nivel de detalle: cada superficie, textura y peque\u00f1o elemento fue cuidadosamente trabajado. La pieza fue realizada mediante impresi\u00f3n 3D en PLA y luego pintada a mano, etapa en la que ponemos todo nuestro empe\u00f1o para resaltar cada m\u00ednimo rasgo. Poder traer a la realidad un fragmento de este universo que tanto admiramos es una experiencia que disfrutamos de principio a fin.","protected":false},"featured_media":59749,"comment_status":"open","ping_status":"closed","template":"","meta":[],"product_cat":[6149,6366],"product_tag":[4765],"_links":{"self":[{"href":"https:\/\/www.mendoza.gov.ar\/catalogoeconomiasocial\/wp-json\/wp\/v2\/product\/59757"}],"collection":[{"href":"https:\/\/www.mendoza.gov.ar\/catalogoeconomiasocial\/wp-json\/wp\/v2\/product"}],"about":[{"href":"https:\/\/www.mendoza.gov.ar\/catalogoeconomiasocial\/wp-json\/wp\/v2\/types\/product"}],"replies":[{"embeddable":true,"href":"https:\/\/www.mendoza.gov.ar\/catalogoeconomiasocial\/wp-json\/wp\/v2\/comments?post=59757"}],"wp:featuredmedia":[{"embeddable":true,"href":"https:\/\/www.mendoza.gov.ar\/catalogoeconomiasocial\/wp-json\/wp\/v2\/media\/59749"}],"wp:attachment":[{"href":"https:\/\/www.mendoza.gov.ar\/catalogoeconomiasocial\/wp-json\/wp\/v2\/media?parent=59757"}],"wp:term":[{"taxonomy":"product_cat","embeddable":true,"href":"https:\/\/www.mendoza.gov.ar\/catalogoeconomiasocial\/wp-json\/wp\/v2\/product_cat?post=59757"},{"taxonomy":"product_tag","embeddable":true,"href":"https:\/\/www.mendoza.gov.ar\/catalogoeconomiasocial\/wp-json\/wp\/v2\/product_tag?post=59757"}],"curies":[{"name":"wp","href":"https:\/\/api.w.org\/{rel}","templated":true}]}}