{"id":59839,"date":"2025-10-13T10:02:34","date_gmt":"2025-10-13T13:02:34","guid":{"rendered":"https:\/\/www.mendoza.gov.ar\/catalogoeconomiasocial\/?post_type=product&#038;p=59839"},"modified":"2025-10-13T10:02:34","modified_gmt":"2025-10-13T13:02:34","slug":"naranja-dulce-deshidratada","status":"publish","type":"product","link":"https:\/\/www.mendoza.gov.ar\/catalogoeconomiasocial\/producto\/naranja-dulce-deshidratada\/","title":{"rendered":"Naranja Dulce Deshidratada"},"content":{"rendered":"<!DOCTYPE html PUBLIC \"-\/\/W3C\/\/DTD HTML 4.0 Transitional\/\/EN\" \"http:\/\/www.w3.org\/TR\/REC-html40\/loose.dtd\">\n\n","protected":false},"excerpt":{"rendered":"La naranja dulce deshidratada de Appert Life se elabora con naranjas frescas seleccionadas de productores locales. Las frutas se lavan cuidadosamente, se cortan en rodajas uniformes y se someten a un proceso de deshidrataci\u00f3n por aire caliente a baja temperatura, que preserva el color, el sabor natural y los aceites esenciales del fruto, sin utilizar az\u00facares a\u00f1adidos ni conservantes. El resultado es un producto de textura crujiente, aroma intenso y sabor equilibrado, ideal para diferentes usos gastron\u00f3micos. Se presenta en envases herm\u00e9ticos que aseguran su correcta conservaci\u00f3n y una vida \u00fatil prolongada. Caracter\u00edsticas t\u00e9cnicas: Materia prima: Naranja dulce fresca seleccionada (Citrus sinensis).\r\n\r\nProceso: Deshidrataci\u00f3n controlada por aire caliente entre 55\u00b0C y 65\u00b0C.\r\n\r\nContenido: 100% natural, sin aditivos ni conservantes.\r\n\r\nFormato de venta: Rodajas deshidratadas listas para consumo o uso culinario.\r\n\r\nVida \u00fatil: 12 meses en envase cerrado, almacenado en lugar fresco y seco.\r\n\r\nUsos recomendados: Infusiones, c\u00f3cteles, reposter\u00eda, decoraci\u00f3n de postres, aromatizaci\u00f3n de bebidas y productos gourmet","protected":false},"featured_media":59840,"comment_status":"open","ping_status":"closed","template":"","meta":[],"product_cat":[5946,5962],"product_tag":[6983,2325,7558,8069],"_links":{"self":[{"href":"https:\/\/www.mendoza.gov.ar\/catalogoeconomiasocial\/wp-json\/wp\/v2\/product\/59839"}],"collection":[{"href":"https:\/\/www.mendoza.gov.ar\/catalogoeconomiasocial\/wp-json\/wp\/v2\/product"}],"about":[{"href":"https:\/\/www.mendoza.gov.ar\/catalogoeconomiasocial\/wp-json\/wp\/v2\/types\/product"}],"replies":[{"embeddable":true,"href":"https:\/\/www.mendoza.gov.ar\/catalogoeconomiasocial\/wp-json\/wp\/v2\/comments?post=59839"}],"wp:featuredmedia":[{"embeddable":true,"href":"https:\/\/www.mendoza.gov.ar\/catalogoeconomiasocial\/wp-json\/wp\/v2\/media\/59840"}],"wp:attachment":[{"href":"https:\/\/www.mendoza.gov.ar\/catalogoeconomiasocial\/wp-json\/wp\/v2\/media?parent=59839"}],"wp:term":[{"taxonomy":"product_cat","embeddable":true,"href":"https:\/\/www.mendoza.gov.ar\/catalogoeconomiasocial\/wp-json\/wp\/v2\/product_cat?post=59839"},{"taxonomy":"product_tag","embeddable":true,"href":"https:\/\/www.mendoza.gov.ar\/catalogoeconomiasocial\/wp-json\/wp\/v2\/product_tag?post=59839"}],"curies":[{"name":"wp","href":"https:\/\/api.w.org\/{rel}","templated":true}]}}