{"id":59908,"date":"2025-10-17T11:01:14","date_gmt":"2025-10-17T14:01:14","guid":{"rendered":"https:\/\/www.mendoza.gov.ar\/catalogoeconomiasocial\/?post_type=product&#038;p=59908"},"modified":"2025-10-17T11:01:15","modified_gmt":"2025-10-17T14:01:15","slug":"amigurumis-personalizados","status":"publish","type":"product","link":"https:\/\/www.mendoza.gov.ar\/catalogoeconomiasocial\/producto\/amigurumis-personalizados\/","title":{"rendered":"Amigurumis Personalizados"},"content":{"rendered":"<!DOCTYPE html PUBLIC \"-\/\/W3C\/\/DTD HTML 4.0 Transitional\/\/EN\" \"http:\/\/www.w3.org\/TR\/REC-html40\/loose.dtd\">\n\n","protected":false},"excerpt":{"rendered":"Cada amigurumi se elabora de manera artesanal a partir de una fotograf\u00eda de tu michi, que pod\u00e9s enviar al n\u00famero de WhatsApp o la cuenta de Instagram. Se ofrecen tres tama\u00f1os, cada uno con su respectivo precio: peluche grande, mediano o llavero. Est\u00e1n confeccionados con lana acr\u00edlica y vell\u00f3n siliconado, para no producir alergias. A medida que se teje el amigurumi, se env\u00edan fotos para que puedas participar del proceso y hacer los cambios que quieras.","protected":false},"featured_media":59909,"comment_status":"open","ping_status":"closed","template":"","meta":[],"product_cat":[1065,6156],"product_tag":[282,6419,843],"_links":{"self":[{"href":"https:\/\/www.mendoza.gov.ar\/catalogoeconomiasocial\/wp-json\/wp\/v2\/product\/59908"}],"collection":[{"href":"https:\/\/www.mendoza.gov.ar\/catalogoeconomiasocial\/wp-json\/wp\/v2\/product"}],"about":[{"href":"https:\/\/www.mendoza.gov.ar\/catalogoeconomiasocial\/wp-json\/wp\/v2\/types\/product"}],"replies":[{"embeddable":true,"href":"https:\/\/www.mendoza.gov.ar\/catalogoeconomiasocial\/wp-json\/wp\/v2\/comments?post=59908"}],"wp:featuredmedia":[{"embeddable":true,"href":"https:\/\/www.mendoza.gov.ar\/catalogoeconomiasocial\/wp-json\/wp\/v2\/media\/59909"}],"wp:attachment":[{"href":"https:\/\/www.mendoza.gov.ar\/catalogoeconomiasocial\/wp-json\/wp\/v2\/media?parent=59908"}],"wp:term":[{"taxonomy":"product_cat","embeddable":true,"href":"https:\/\/www.mendoza.gov.ar\/catalogoeconomiasocial\/wp-json\/wp\/v2\/product_cat?post=59908"},{"taxonomy":"product_tag","embeddable":true,"href":"https:\/\/www.mendoza.gov.ar\/catalogoeconomiasocial\/wp-json\/wp\/v2\/product_tag?post=59908"}],"curies":[{"name":"wp","href":"https:\/\/api.w.org\/{rel}","templated":true}]}}