{"id":59965,"date":"2025-10-27T12:24:24","date_gmt":"2025-10-27T15:24:24","guid":{"rendered":"https:\/\/www.mendoza.gov.ar\/catalogoeconomiasocial\/?post_type=product&#038;p=59965"},"modified":"2025-10-27T12:24:24","modified_gmt":"2025-10-27T15:24:24","slug":"bolso-salvia","status":"publish","type":"product","link":"https:\/\/www.mendoza.gov.ar\/catalogoeconomiasocial\/producto\/bolso-salvia\/","title":{"rendered":"Bolso &#8220;Salvia&#8221;"},"content":{"rendered":"<!DOCTYPE html PUBLIC \"-\/\/W3C\/\/DTD HTML 4.0 Transitional\/\/EN\" \"http:\/\/www.w3.org\/TR\/REC-html40\/loose.dtd\">\n\n","protected":false},"excerpt":{"rendered":"Minimalista y sereno, tejido a mano para acompa\u00f1arte con suavidad, hecha con hilo acr\u00edlico, forrado en lienzo para que pueda mantener su forma. Su dise\u00f1o simple y resistente combina practicidad y presencia, ideal para salidas casuales o para tu d\u00eda a d\u00eda. Una pieza hecha desde la calma, pensada para mujeres que eligen habitar su rutina con autenticidad y prop\u00f3sito. Cuidado: lavar a mano con jab\u00f3n neutro sin refregar, secar a la sombra en una superficie plana para conservar su forma y color. Medidas: 35 x 35 cm Tira: 32 x 3 cm (c\u00f3moda para llevar al hombro)","protected":false},"featured_media":59964,"comment_status":"open","ping_status":"closed","template":"","meta":[],"product_cat":[5923,6098,6101],"product_tag":[967,979,282],"_links":{"self":[{"href":"https:\/\/www.mendoza.gov.ar\/catalogoeconomiasocial\/wp-json\/wp\/v2\/product\/59965"}],"collection":[{"href":"https:\/\/www.mendoza.gov.ar\/catalogoeconomiasocial\/wp-json\/wp\/v2\/product"}],"about":[{"href":"https:\/\/www.mendoza.gov.ar\/catalogoeconomiasocial\/wp-json\/wp\/v2\/types\/product"}],"replies":[{"embeddable":true,"href":"https:\/\/www.mendoza.gov.ar\/catalogoeconomiasocial\/wp-json\/wp\/v2\/comments?post=59965"}],"wp:featuredmedia":[{"embeddable":true,"href":"https:\/\/www.mendoza.gov.ar\/catalogoeconomiasocial\/wp-json\/wp\/v2\/media\/59964"}],"wp:attachment":[{"href":"https:\/\/www.mendoza.gov.ar\/catalogoeconomiasocial\/wp-json\/wp\/v2\/media?parent=59965"}],"wp:term":[{"taxonomy":"product_cat","embeddable":true,"href":"https:\/\/www.mendoza.gov.ar\/catalogoeconomiasocial\/wp-json\/wp\/v2\/product_cat?post=59965"},{"taxonomy":"product_tag","embeddable":true,"href":"https:\/\/www.mendoza.gov.ar\/catalogoeconomiasocial\/wp-json\/wp\/v2\/product_tag?post=59965"}],"curies":[{"name":"wp","href":"https:\/\/api.w.org\/{rel}","templated":true}]}}