{"id":60076,"date":"2025-10-31T09:19:50","date_gmt":"2025-10-31T12:19:50","guid":{"rendered":"https:\/\/www.mendoza.gov.ar\/catalogoeconomiasocial\/?post_type=product&#038;p=60076"},"modified":"2026-03-09T11:07:02","modified_gmt":"2026-03-09T14:07:02","slug":"llaveros-con-dijes-tradicionales","status":"publish","type":"product","link":"https:\/\/www.mendoza.gov.ar\/catalogoeconomiasocial\/producto\/llaveros-con-dijes-tradicionales\/","title":{"rendered":"Llaveros con Dijes Tradicionales"},"content":{"rendered":"<!DOCTYPE html PUBLIC \"-\/\/W3C\/\/DTD HTML 4.0 Transitional\/\/EN\" \"http:\/\/www.w3.org\/TR\/REC-html40\/loose.dtd\">\n\n","protected":false},"excerpt":{"rendered":"Llaveros realizados con dijes 4 dijes relacionados al Vino ( dije de uva realizado con cristal de roca m\u00e1s tres dijes de n\u00edquel) Identificadores para las copas( realizados con alambre de artesan\u00edas, corcho reciclado, mostacillas y dije de n\u00edquel? Aros racimo de uvas ( dije de racimo de uva realizado con cristal de roca y anzuelo de acero quir\u00fargico) Aros de copas de vino( dije de n\u00edquel con resina epoxi la cual le dan el color del vino , anzuelo de acero quir\u00fargico)","protected":false},"featured_media":60068,"comment_status":"open","ping_status":"closed","template":"","meta":[],"product_cat":[5923,6098,6106],"product_tag":[6236,8105],"_links":{"self":[{"href":"https:\/\/www.mendoza.gov.ar\/catalogoeconomiasocial\/wp-json\/wp\/v2\/product\/60076"}],"collection":[{"href":"https:\/\/www.mendoza.gov.ar\/catalogoeconomiasocial\/wp-json\/wp\/v2\/product"}],"about":[{"href":"https:\/\/www.mendoza.gov.ar\/catalogoeconomiasocial\/wp-json\/wp\/v2\/types\/product"}],"replies":[{"embeddable":true,"href":"https:\/\/www.mendoza.gov.ar\/catalogoeconomiasocial\/wp-json\/wp\/v2\/comments?post=60076"}],"wp:featuredmedia":[{"embeddable":true,"href":"https:\/\/www.mendoza.gov.ar\/catalogoeconomiasocial\/wp-json\/wp\/v2\/media\/60068"}],"wp:attachment":[{"href":"https:\/\/www.mendoza.gov.ar\/catalogoeconomiasocial\/wp-json\/wp\/v2\/media?parent=60076"}],"wp:term":[{"taxonomy":"product_cat","embeddable":true,"href":"https:\/\/www.mendoza.gov.ar\/catalogoeconomiasocial\/wp-json\/wp\/v2\/product_cat?post=60076"},{"taxonomy":"product_tag","embeddable":true,"href":"https:\/\/www.mendoza.gov.ar\/catalogoeconomiasocial\/wp-json\/wp\/v2\/product_tag?post=60076"}],"curies":[{"name":"wp","href":"https:\/\/api.w.org\/{rel}","templated":true}]}}