{"id":60099,"date":"2025-11-04T10:08:56","date_gmt":"2025-11-04T13:08:56","guid":{"rendered":"https:\/\/www.mendoza.gov.ar\/catalogoeconomiasocial\/?post_type=product&#038;p=60099"},"modified":"2025-11-04T10:08:56","modified_gmt":"2025-11-04T13:08:56","slug":"corpinos-de-encaje","status":"publish","type":"product","link":"https:\/\/www.mendoza.gov.ar\/catalogoeconomiasocial\/producto\/corpinos-de-encaje\/","title":{"rendered":"Corpi\u00f1os de Encaje"},"content":{"rendered":"<!DOCTYPE html PUBLIC \"-\/\/W3C\/\/DTD HTML 4.0 Transitional\/\/EN\" \"http:\/\/www.w3.org\/TR\/REC-html40\/loose.dtd\">\n\n","protected":false},"excerpt":{"rendered":"Cada prenda de ALUNA Lencer\u00eda &amp; Tejidos es confeccionada de forma artesanal. Para la lencer\u00eda trabajo con encaje, algod\u00f3n y lycra, materiales suaves y resistentes que garantizan comodidad y buen calce. Corto los moldes, ajusto cada detalle y comienzo a unir las piezas manualmente, cuidando cada terminaci\u00f3n.","protected":false},"featured_media":60100,"comment_status":"open","ping_status":"closed","template":"","meta":[],"product_cat":[5923,6100,6742],"product_tag":[6244,6942,2001,1481,6969],"_links":{"self":[{"href":"https:\/\/www.mendoza.gov.ar\/catalogoeconomiasocial\/wp-json\/wp\/v2\/product\/60099"}],"collection":[{"href":"https:\/\/www.mendoza.gov.ar\/catalogoeconomiasocial\/wp-json\/wp\/v2\/product"}],"about":[{"href":"https:\/\/www.mendoza.gov.ar\/catalogoeconomiasocial\/wp-json\/wp\/v2\/types\/product"}],"replies":[{"embeddable":true,"href":"https:\/\/www.mendoza.gov.ar\/catalogoeconomiasocial\/wp-json\/wp\/v2\/comments?post=60099"}],"wp:featuredmedia":[{"embeddable":true,"href":"https:\/\/www.mendoza.gov.ar\/catalogoeconomiasocial\/wp-json\/wp\/v2\/media\/60100"}],"wp:attachment":[{"href":"https:\/\/www.mendoza.gov.ar\/catalogoeconomiasocial\/wp-json\/wp\/v2\/media?parent=60099"}],"wp:term":[{"taxonomy":"product_cat","embeddable":true,"href":"https:\/\/www.mendoza.gov.ar\/catalogoeconomiasocial\/wp-json\/wp\/v2\/product_cat?post=60099"},{"taxonomy":"product_tag","embeddable":true,"href":"https:\/\/www.mendoza.gov.ar\/catalogoeconomiasocial\/wp-json\/wp\/v2\/product_tag?post=60099"}],"curies":[{"name":"wp","href":"https:\/\/api.w.org\/{rel}","templated":true}]}}