{"id":60114,"date":"2025-11-04T10:34:48","date_gmt":"2025-11-04T13:34:48","guid":{"rendered":"https:\/\/www.mendoza.gov.ar\/catalogoeconomiasocial\/?post_type=product&#038;p=60114"},"modified":"2025-11-04T10:34:49","modified_gmt":"2025-11-04T13:34:49","slug":"macetas-biodegradables","status":"publish","type":"product","link":"https:\/\/www.mendoza.gov.ar\/catalogoeconomiasocial\/producto\/macetas-biodegradables\/","title":{"rendered":"Macetas Biodegradables"},"content":{"rendered":"<!DOCTYPE html PUBLIC \"-\/\/W3C\/\/DTD HTML 4.0 Transitional\/\/EN\" \"http:\/\/www.w3.org\/TR\/REC-html40\/loose.dtd\">\n\n","protected":false},"excerpt":{"rendered":"Elaboradas con el reciclado de yerba mate y productos naturales. Tenemos variedad de tama\u00f1os y formas. En su interior poseen diferentes cactus y suculentas, la maceta les permite mantener la humedad justo para este tipo de plantas y su crecimiento se adapta seg\u00fan cu\u00e1nto espacio disponga. Est\u00e1s plantas son criadas en vivero propio con sustratos naturales y biodegradables.","protected":false},"featured_media":60119,"comment_status":"open","ping_status":"closed","template":"","meta":[],"product_cat":[6046,6080,6085],"product_tag":[8097,492,1072,707,5612],"_links":{"self":[{"href":"https:\/\/www.mendoza.gov.ar\/catalogoeconomiasocial\/wp-json\/wp\/v2\/product\/60114"}],"collection":[{"href":"https:\/\/www.mendoza.gov.ar\/catalogoeconomiasocial\/wp-json\/wp\/v2\/product"}],"about":[{"href":"https:\/\/www.mendoza.gov.ar\/catalogoeconomiasocial\/wp-json\/wp\/v2\/types\/product"}],"replies":[{"embeddable":true,"href":"https:\/\/www.mendoza.gov.ar\/catalogoeconomiasocial\/wp-json\/wp\/v2\/comments?post=60114"}],"wp:featuredmedia":[{"embeddable":true,"href":"https:\/\/www.mendoza.gov.ar\/catalogoeconomiasocial\/wp-json\/wp\/v2\/media\/60119"}],"wp:attachment":[{"href":"https:\/\/www.mendoza.gov.ar\/catalogoeconomiasocial\/wp-json\/wp\/v2\/media?parent=60114"}],"wp:term":[{"taxonomy":"product_cat","embeddable":true,"href":"https:\/\/www.mendoza.gov.ar\/catalogoeconomiasocial\/wp-json\/wp\/v2\/product_cat?post=60114"},{"taxonomy":"product_tag","embeddable":true,"href":"https:\/\/www.mendoza.gov.ar\/catalogoeconomiasocial\/wp-json\/wp\/v2\/product_tag?post=60114"}],"curies":[{"name":"wp","href":"https:\/\/api.w.org\/{rel}","templated":true}]}}