{"id":60280,"date":"2025-11-13T18:59:51","date_gmt":"2025-11-13T21:59:51","guid":{"rendered":"https:\/\/www.mendoza.gov.ar\/catalogoeconomiasocial\/?post_type=product&#038;p=60280"},"modified":"2025-11-13T18:59:51","modified_gmt":"2025-11-13T21:59:51","slug":"comida-para-jugar-2","status":"publish","type":"product","link":"https:\/\/www.mendoza.gov.ar\/catalogoeconomiasocial\/producto\/comida-para-jugar-2\/","title":{"rendered":"Comida para Jugar"},"content":{"rendered":"<!DOCTYPE html PUBLIC \"-\/\/W3C\/\/DTD HTML 4.0 Transitional\/\/EN\" \"http:\/\/www.w3.org\/TR\/REC-html40\/loose.dtd\">\n\n","protected":false},"excerpt":{"rendered":"\ud83c\udf53 \u00a1Comiditas de tela! Distintos modelos para jugar, armar y amar. \ud83c\udf08 Ventajas Estimulan el juego simb\u00f3lico y la motricidad fina Son duraderas, reciclables y reutilizables Lavables, confeccionadas con materiales de primera calidad F\u00e1ciles de transportar: ideales para llevar a todos lados Promueven el juego compartido y el role playing \ud83d\udc49 \u00a1Mir\u00e1 todas nuestras propuestas! \ud83d\udca1 \u00bfPor qu\u00e9 elegir comiditas de tela? Jugar con alimentos de tela abre las puertas al juego simb\u00f3lico, de rol y de representaci\u00f3n, donde los ni\u00f1os recrean situaciones cotidianas y comprenden mejor el mundo que los rodea. Cocinar, comprar, servir, invitar o atender un restaurante: \u00a1la imaginaci\u00f3n no tiene l\u00edmites cuando el juego se convierte en aprendizaje! \ud83c\udfa8 Sets para jugar y aprender \u00a1Dej\u00e1 que tus ni\u00f1os imaginen, creen y sean todo lo que quieran ser! Hechos a mano, con terminaciones a m\u00e1quina para mayor durabilidad Rellenos con vell\u00f3n siliconado, suave y seguro Exterior en pa\u00f1olenci y\/o polar, de texturas agradables Dise\u00f1os \u00fanicos: cada set es diferente 100% lavables y resistentes Con abrojos para armar, combinar y reinventar el juego Clasificados por edades: \ud83e\uddf8 0 a 4 a\u00f1os \ud83c\udf92 +5 hasta 99 a\u00f1os","protected":false},"featured_media":60286,"comment_status":"open","ping_status":"closed","template":"","meta":[],"product_cat":[1065,6120],"product_tag":[8127,2256,6358],"_links":{"self":[{"href":"https:\/\/www.mendoza.gov.ar\/catalogoeconomiasocial\/wp-json\/wp\/v2\/product\/60280"}],"collection":[{"href":"https:\/\/www.mendoza.gov.ar\/catalogoeconomiasocial\/wp-json\/wp\/v2\/product"}],"about":[{"href":"https:\/\/www.mendoza.gov.ar\/catalogoeconomiasocial\/wp-json\/wp\/v2\/types\/product"}],"replies":[{"embeddable":true,"href":"https:\/\/www.mendoza.gov.ar\/catalogoeconomiasocial\/wp-json\/wp\/v2\/comments?post=60280"}],"wp:featuredmedia":[{"embeddable":true,"href":"https:\/\/www.mendoza.gov.ar\/catalogoeconomiasocial\/wp-json\/wp\/v2\/media\/60286"}],"wp:attachment":[{"href":"https:\/\/www.mendoza.gov.ar\/catalogoeconomiasocial\/wp-json\/wp\/v2\/media?parent=60280"}],"wp:term":[{"taxonomy":"product_cat","embeddable":true,"href":"https:\/\/www.mendoza.gov.ar\/catalogoeconomiasocial\/wp-json\/wp\/v2\/product_cat?post=60280"},{"taxonomy":"product_tag","embeddable":true,"href":"https:\/\/www.mendoza.gov.ar\/catalogoeconomiasocial\/wp-json\/wp\/v2\/product_tag?post=60280"}],"curies":[{"name":"wp","href":"https:\/\/api.w.org\/{rel}","templated":true}]}}