{"id":60372,"date":"2025-12-09T09:42:40","date_gmt":"2025-12-09T12:42:40","guid":{"rendered":"https:\/\/www.mendoza.gov.ar\/catalogoeconomiasocial\/?post_type=product&#038;p=60372"},"modified":"2025-12-09T09:42:41","modified_gmt":"2025-12-09T12:42:41","slug":"cartera-tote-bag","status":"publish","type":"product","link":"https:\/\/www.mendoza.gov.ar\/catalogoeconomiasocial\/producto\/cartera-tote-bag\/","title":{"rendered":"Cartera Tote Bag"},"content":{"rendered":"<!DOCTYPE html PUBLIC \"-\/\/W3C\/\/DTD HTML 4.0 Transitional\/\/EN\" \"http:\/\/www.w3.org\/TR\/REC-html40\/loose.dtd\">\n\n","protected":false},"excerpt":{"rendered":"Totes hechas a mano todas con el interior forrado en silver o sir\u00e9 siempre de color rojo y con herrajes bronce o plata. Cierres pl\u00e1sticos en color rojo. En el interior tienen incorporado un mosquet\u00f3n para las llaves. Totte PUFFY FELIX realizada en su exterior con peluche amarillo con lunares rojos. Manijas y bot\u00f3n en charol rojo. Base en Pu rojo. 45&#215;30 cm. Correa larga extensible para agregar, en cinta mochilera de algod\u00f3n rojo. TOTTE PUFFY en corderito sint\u00e9tico blanco con estrellas negras. Pu blanco en manijas y base. 45&#215;30 cm. TOTTE PUFFY en sir\u00e9 rojo. Acolchado hecho a mano. 45&#215;30 y 35&#215;23 cm. Cierre con im\u00e1n. TOTTE en cordura negra con cierre. Correa larga extensible en cinta mochilera negra para agregar. 45x 30 cm.","protected":false},"featured_media":60375,"comment_status":"open","ping_status":"closed","template":"","meta":[],"product_cat":[5923,6101],"product_tag":[979,1481,8133],"_links":{"self":[{"href":"https:\/\/www.mendoza.gov.ar\/catalogoeconomiasocial\/wp-json\/wp\/v2\/product\/60372"}],"collection":[{"href":"https:\/\/www.mendoza.gov.ar\/catalogoeconomiasocial\/wp-json\/wp\/v2\/product"}],"about":[{"href":"https:\/\/www.mendoza.gov.ar\/catalogoeconomiasocial\/wp-json\/wp\/v2\/types\/product"}],"replies":[{"embeddable":true,"href":"https:\/\/www.mendoza.gov.ar\/catalogoeconomiasocial\/wp-json\/wp\/v2\/comments?post=60372"}],"wp:featuredmedia":[{"embeddable":true,"href":"https:\/\/www.mendoza.gov.ar\/catalogoeconomiasocial\/wp-json\/wp\/v2\/media\/60375"}],"wp:attachment":[{"href":"https:\/\/www.mendoza.gov.ar\/catalogoeconomiasocial\/wp-json\/wp\/v2\/media?parent=60372"}],"wp:term":[{"taxonomy":"product_cat","embeddable":true,"href":"https:\/\/www.mendoza.gov.ar\/catalogoeconomiasocial\/wp-json\/wp\/v2\/product_cat?post=60372"},{"taxonomy":"product_tag","embeddable":true,"href":"https:\/\/www.mendoza.gov.ar\/catalogoeconomiasocial\/wp-json\/wp\/v2\/product_tag?post=60372"}],"curies":[{"name":"wp","href":"https:\/\/api.w.org\/{rel}","templated":true}]}}