{"id":60415,"date":"2025-12-09T11:25:07","date_gmt":"2025-12-09T14:25:07","guid":{"rendered":"https:\/\/www.mendoza.gov.ar\/catalogoeconomiasocial\/?post_type=product&#038;p=60415"},"modified":"2025-12-09T11:25:07","modified_gmt":"2025-12-09T14:25:07","slug":"camitas-para-mascotas","status":"publish","type":"product","link":"https:\/\/www.mendoza.gov.ar\/catalogoeconomiasocial\/producto\/camitas-para-mascotas\/","title":{"rendered":"Camitas para Mascotas"},"content":{"rendered":"<!DOCTYPE html PUBLIC \"-\/\/W3C\/\/DTD HTML 4.0 Transitional\/\/EN\" \"http:\/\/www.w3.org\/TR\/REC-html40\/loose.dtd\">\n\n","protected":false},"excerpt":{"rendered":"T\u00e9cnica costura a m\u00e1quina y a mano reciclado de telas de polar para el armado de ropitas de invierno las gorritas tambi\u00e9n tiene tela reciclada de yim juguetes intervenidos trenzado a mano pechera todas armadas a mano con remaches cadenas artesanales con remaches huesitos identificadores sublimados , pa\u00f1uelos mochilitas transportadoras mo\u00f1os de telas recicladas, vosal de telas y de cuero collares de telas nueva y reciclada grueso perro grandes y chiquitos","protected":false},"featured_media":60417,"comment_status":"open","ping_status":"closed","template":"","meta":[],"product_cat":[2034,6091],"product_tag":[6541,185,7370],"_links":{"self":[{"href":"https:\/\/www.mendoza.gov.ar\/catalogoeconomiasocial\/wp-json\/wp\/v2\/product\/60415"}],"collection":[{"href":"https:\/\/www.mendoza.gov.ar\/catalogoeconomiasocial\/wp-json\/wp\/v2\/product"}],"about":[{"href":"https:\/\/www.mendoza.gov.ar\/catalogoeconomiasocial\/wp-json\/wp\/v2\/types\/product"}],"replies":[{"embeddable":true,"href":"https:\/\/www.mendoza.gov.ar\/catalogoeconomiasocial\/wp-json\/wp\/v2\/comments?post=60415"}],"wp:featuredmedia":[{"embeddable":true,"href":"https:\/\/www.mendoza.gov.ar\/catalogoeconomiasocial\/wp-json\/wp\/v2\/media\/60417"}],"wp:attachment":[{"href":"https:\/\/www.mendoza.gov.ar\/catalogoeconomiasocial\/wp-json\/wp\/v2\/media?parent=60415"}],"wp:term":[{"taxonomy":"product_cat","embeddable":true,"href":"https:\/\/www.mendoza.gov.ar\/catalogoeconomiasocial\/wp-json\/wp\/v2\/product_cat?post=60415"},{"taxonomy":"product_tag","embeddable":true,"href":"https:\/\/www.mendoza.gov.ar\/catalogoeconomiasocial\/wp-json\/wp\/v2\/product_tag?post=60415"}],"curies":[{"name":"wp","href":"https:\/\/api.w.org\/{rel}","templated":true}]}}