{"id":60423,"date":"2025-12-09T11:51:06","date_gmt":"2025-12-09T14:51:06","guid":{"rendered":"https:\/\/www.mendoza.gov.ar\/catalogoeconomiasocial\/?post_type=product&#038;p=60423"},"modified":"2025-12-09T11:51:06","modified_gmt":"2025-12-09T14:51:06","slug":"lampara-de-estructura-de-hierro-tejido","status":"publish","type":"product","link":"https:\/\/www.mendoza.gov.ar\/catalogoeconomiasocial\/producto\/lampara-de-estructura-de-hierro-tejido\/","title":{"rendered":"L\u00e1mpara de Estructura de Hierro Tejido"},"content":{"rendered":"<!DOCTYPE html PUBLIC \"-\/\/W3C\/\/DTD HTML 4.0 Transitional\/\/EN\" \"http:\/\/www.w3.org\/TR\/REC-html40\/loose.dtd\">\n\n","protected":false},"excerpt":{"rendered":"L\u00e1mparas artesanal mantarraya con estructura de hierro y tejido en macram\u00e9 de hilo de algod\u00f3n o polipropileno. Cada pieza est\u00e1 hecha a mano, proyectando una luz c\u00e1lida y decorativa que realza cualquier ambiente. Medidas disponibles: 30 \u00d7 30 x 20 40 \u00d7 40 \u00d7 20 35 \u00d7 35 \u00d7 20 Colores a elecci\u00f3n Opci\u00f3n:Dise\u00f1o personalizado Ideales para livings, dormitorios y rincones especiales donde se busca sumar textura y estilo.","protected":false},"featured_media":60424,"comment_status":"open","ping_status":"closed","template":"","meta":[],"product_cat":[6046,6058,6067,6073],"product_tag":[1299,6425],"_links":{"self":[{"href":"https:\/\/www.mendoza.gov.ar\/catalogoeconomiasocial\/wp-json\/wp\/v2\/product\/60423"}],"collection":[{"href":"https:\/\/www.mendoza.gov.ar\/catalogoeconomiasocial\/wp-json\/wp\/v2\/product"}],"about":[{"href":"https:\/\/www.mendoza.gov.ar\/catalogoeconomiasocial\/wp-json\/wp\/v2\/types\/product"}],"replies":[{"embeddable":true,"href":"https:\/\/www.mendoza.gov.ar\/catalogoeconomiasocial\/wp-json\/wp\/v2\/comments?post=60423"}],"wp:featuredmedia":[{"embeddable":true,"href":"https:\/\/www.mendoza.gov.ar\/catalogoeconomiasocial\/wp-json\/wp\/v2\/media\/60424"}],"wp:attachment":[{"href":"https:\/\/www.mendoza.gov.ar\/catalogoeconomiasocial\/wp-json\/wp\/v2\/media?parent=60423"}],"wp:term":[{"taxonomy":"product_cat","embeddable":true,"href":"https:\/\/www.mendoza.gov.ar\/catalogoeconomiasocial\/wp-json\/wp\/v2\/product_cat?post=60423"},{"taxonomy":"product_tag","embeddable":true,"href":"https:\/\/www.mendoza.gov.ar\/catalogoeconomiasocial\/wp-json\/wp\/v2\/product_tag?post=60423"}],"curies":[{"name":"wp","href":"https:\/\/api.w.org\/{rel}","templated":true}]}}