{"id":60483,"date":"2025-12-10T11:56:44","date_gmt":"2025-12-10T14:56:44","guid":{"rendered":"https:\/\/www.mendoza.gov.ar\/catalogoeconomiasocial\/?post_type=product&#038;p=60483"},"modified":"2025-12-10T11:56:44","modified_gmt":"2025-12-10T14:56:44","slug":"bandeja-en-cesteria-nordica","status":"publish","type":"product","link":"https:\/\/www.mendoza.gov.ar\/catalogoeconomiasocial\/producto\/bandeja-en-cesteria-nordica\/","title":{"rendered":"Bandeja en Cester\u00eda N\u00f3rdica"},"content":{"rendered":"<!DOCTYPE html PUBLIC \"-\/\/W3C\/\/DTD HTML 4.0 Transitional\/\/EN\" \"http:\/\/www.w3.org\/TR\/REC-html40\/loose.dtd\">\n\n","protected":false},"excerpt":{"rendered":"Material: cord\u00f3n de algod\u00f3n con alma( relleno de pabilos de algod\u00f3n) cosido a m\u00e1quina con hilo resistente n\u2022 50, con asas de cuero reforzadas con remaches. En forma ovalada, mide en su base 36cm x 28cm y 6 cm de alto. Combinadas colores c\u00e1lido, nude.","protected":false},"featured_media":60486,"comment_status":"open","ping_status":"closed","template":"","meta":[],"product_cat":[7242,6046,6053,6525,6225],"product_tag":[2438,1467,1089,7164],"_links":{"self":[{"href":"https:\/\/www.mendoza.gov.ar\/catalogoeconomiasocial\/wp-json\/wp\/v2\/product\/60483"}],"collection":[{"href":"https:\/\/www.mendoza.gov.ar\/catalogoeconomiasocial\/wp-json\/wp\/v2\/product"}],"about":[{"href":"https:\/\/www.mendoza.gov.ar\/catalogoeconomiasocial\/wp-json\/wp\/v2\/types\/product"}],"replies":[{"embeddable":true,"href":"https:\/\/www.mendoza.gov.ar\/catalogoeconomiasocial\/wp-json\/wp\/v2\/comments?post=60483"}],"wp:featuredmedia":[{"embeddable":true,"href":"https:\/\/www.mendoza.gov.ar\/catalogoeconomiasocial\/wp-json\/wp\/v2\/media\/60486"}],"wp:attachment":[{"href":"https:\/\/www.mendoza.gov.ar\/catalogoeconomiasocial\/wp-json\/wp\/v2\/media?parent=60483"}],"wp:term":[{"taxonomy":"product_cat","embeddable":true,"href":"https:\/\/www.mendoza.gov.ar\/catalogoeconomiasocial\/wp-json\/wp\/v2\/product_cat?post=60483"},{"taxonomy":"product_tag","embeddable":true,"href":"https:\/\/www.mendoza.gov.ar\/catalogoeconomiasocial\/wp-json\/wp\/v2\/product_tag?post=60483"}],"curies":[{"name":"wp","href":"https:\/\/api.w.org\/{rel}","templated":true}]}}