{"id":60519,"date":"2025-12-15T09:30:14","date_gmt":"2025-12-15T12:30:14","guid":{"rendered":"https:\/\/www.mendoza.gov.ar\/catalogoeconomiasocial\/?post_type=product&#038;p=60519"},"modified":"2026-02-19T12:50:45","modified_gmt":"2026-02-19T15:50:45","slug":"mochila-para-alta-montana","status":"publish","type":"product","link":"https:\/\/www.mendoza.gov.ar\/catalogoeconomiasocial\/producto\/mochila-para-alta-montana\/","title":{"rendered":"Mochila para Alta Monta\u00f1a"},"content":{"rendered":"<!DOCTYPE html PUBLIC \"-\/\/W3C\/\/DTD HTML 4.0 Transitional\/\/EN\" \"http:\/\/www.w3.org\/TR\/REC-html40\/loose.dtd\">\n\n","protected":false},"excerpt":{"rendered":"Mochila tubular de 90 litros estilo militar, 80 litro o seg\u00fan pedido. Confeccionada en cordura 600 importada anti desgarro, impermeable, totalmente reforzada, con espaldera y ri\u00f1oneras bien acolchadas para una mejor adaptaci\u00f3n a tu espalda y balanceo del peso. Ideal para monta\u00f1ismo, trekking o senderismo. Se realizan en varios colores, y adaptables a modificaciones seg\u00fan necesidad del cliente.","protected":false},"featured_media":60520,"comment_status":"open","ping_status":"closed","template":"","meta":[],"product_cat":[5923,6101],"product_tag":[1091,8153],"_links":{"self":[{"href":"https:\/\/www.mendoza.gov.ar\/catalogoeconomiasocial\/wp-json\/wp\/v2\/product\/60519"}],"collection":[{"href":"https:\/\/www.mendoza.gov.ar\/catalogoeconomiasocial\/wp-json\/wp\/v2\/product"}],"about":[{"href":"https:\/\/www.mendoza.gov.ar\/catalogoeconomiasocial\/wp-json\/wp\/v2\/types\/product"}],"replies":[{"embeddable":true,"href":"https:\/\/www.mendoza.gov.ar\/catalogoeconomiasocial\/wp-json\/wp\/v2\/comments?post=60519"}],"wp:featuredmedia":[{"embeddable":true,"href":"https:\/\/www.mendoza.gov.ar\/catalogoeconomiasocial\/wp-json\/wp\/v2\/media\/60520"}],"wp:attachment":[{"href":"https:\/\/www.mendoza.gov.ar\/catalogoeconomiasocial\/wp-json\/wp\/v2\/media?parent=60519"}],"wp:term":[{"taxonomy":"product_cat","embeddable":true,"href":"https:\/\/www.mendoza.gov.ar\/catalogoeconomiasocial\/wp-json\/wp\/v2\/product_cat?post=60519"},{"taxonomy":"product_tag","embeddable":true,"href":"https:\/\/www.mendoza.gov.ar\/catalogoeconomiasocial\/wp-json\/wp\/v2\/product_tag?post=60519"}],"curies":[{"name":"wp","href":"https:\/\/api.w.org\/{rel}","templated":true}]}}