{"id":60536,"date":"2025-12-15T11:21:46","date_gmt":"2025-12-15T14:21:46","guid":{"rendered":"https:\/\/www.mendoza.gov.ar\/catalogoeconomiasocial\/?post_type=product&#038;p=60536"},"modified":"2025-12-15T11:23:48","modified_gmt":"2025-12-15T14:23:48","slug":"bandolera-santeria","status":"publish","type":"product","link":"https:\/\/www.mendoza.gov.ar\/catalogoeconomiasocial\/producto\/bandolera-santeria\/","title":{"rendered":"Bandoleras"},"content":{"rendered":"<!DOCTYPE html PUBLIC \"-\/\/W3C\/\/DTD HTML 4.0 Transitional\/\/EN\" \"http:\/\/www.w3.org\/TR\/REC-html40\/loose.dtd\">\n\n","protected":false},"excerpt":{"rendered":"BANDOLERA SANTER\u00cdA:\r\n\r\nAccesorio confeccionado con jeans reciclado. Este tipo de jeans de segunda mano es seleccionado, pensando en un producto de excelente calidad. La tela de jeans es una de las telas m\u00e1s durareras, por lo tanto,muy resistente. Es una bandolera pr\u00e1ctica y funcional, facil de transportar, posee cierre de metal, cordon el\u00e1stico en su bolsillo interno y una correa regulable que se adapta a cualquier persona. Medidas: 29cm de alto x 11,5 ancho x 3cm de profundidad.\r\n\r\nBANDOLERA ATM\u00d3SFERA:\r\n\r\nAccesorio confeccionado con jeans camisero. Este tipo de tela es liviana, pero a su vez muy resistente y duradera. Es una bandolera pr\u00e1ctica y funcional, f\u00e1cil de transportar. Posee cierre de metal, boton de iman en su bolsillo externo y correa regulable adaptable a cualquier persona. Medidas: 29cm de alto x 11,5 ancho x 3cm de profundidad.","protected":false},"featured_media":60538,"comment_status":"open","ping_status":"closed","template":"","meta":[],"product_cat":[5923,6098,6101],"product_tag":[979,1641,1143],"_links":{"self":[{"href":"https:\/\/www.mendoza.gov.ar\/catalogoeconomiasocial\/wp-json\/wp\/v2\/product\/60536"}],"collection":[{"href":"https:\/\/www.mendoza.gov.ar\/catalogoeconomiasocial\/wp-json\/wp\/v2\/product"}],"about":[{"href":"https:\/\/www.mendoza.gov.ar\/catalogoeconomiasocial\/wp-json\/wp\/v2\/types\/product"}],"replies":[{"embeddable":true,"href":"https:\/\/www.mendoza.gov.ar\/catalogoeconomiasocial\/wp-json\/wp\/v2\/comments?post=60536"}],"wp:featuredmedia":[{"embeddable":true,"href":"https:\/\/www.mendoza.gov.ar\/catalogoeconomiasocial\/wp-json\/wp\/v2\/media\/60538"}],"wp:attachment":[{"href":"https:\/\/www.mendoza.gov.ar\/catalogoeconomiasocial\/wp-json\/wp\/v2\/media?parent=60536"}],"wp:term":[{"taxonomy":"product_cat","embeddable":true,"href":"https:\/\/www.mendoza.gov.ar\/catalogoeconomiasocial\/wp-json\/wp\/v2\/product_cat?post=60536"},{"taxonomy":"product_tag","embeddable":true,"href":"https:\/\/www.mendoza.gov.ar\/catalogoeconomiasocial\/wp-json\/wp\/v2\/product_tag?post=60536"}],"curies":[{"name":"wp","href":"https:\/\/api.w.org\/{rel}","templated":true}]}}