{"id":60579,"date":"2025-12-15T16:13:08","date_gmt":"2025-12-15T19:13:08","guid":{"rendered":"https:\/\/www.mendoza.gov.ar\/catalogoeconomiasocial\/?post_type=product&#038;p=60579"},"modified":"2025-12-15T16:13:08","modified_gmt":"2025-12-15T19:13:08","slug":"libros-sensoriales","status":"publish","type":"product","link":"https:\/\/www.mendoza.gov.ar\/catalogoeconomiasocial\/producto\/libros-sensoriales\/","title":{"rendered":"Libros Sensoriales"},"content":{"rendered":"<!DOCTYPE html PUBLIC \"-\/\/W3C\/\/DTD HTML 4.0 Transitional\/\/EN\" \"http:\/\/www.w3.org\/TR\/REC-html40\/loose.dtd\">\n\n","protected":false},"excerpt":{"rendered":"Libros que permiten la experiencia sensorial y la manipulaci\u00f3n de diferentes texturas promoviendo el desarrollo de las infancias a trav\u00e9s del juego, la creaci\u00f3n de historias, la interacci\u00f3n con personajes. Materiales: pa\u00f1olenci, nylon cristal, friselina, abrojos, tejidos en crochet, diversidad de telas de acuerdo al dise\u00f1o, bies.","protected":false},"featured_media":60580,"comment_status":"open","ping_status":"closed","template":"","meta":[],"product_cat":[1065,6120],"product_tag":[6490,6858,1485],"_links":{"self":[{"href":"https:\/\/www.mendoza.gov.ar\/catalogoeconomiasocial\/wp-json\/wp\/v2\/product\/60579"}],"collection":[{"href":"https:\/\/www.mendoza.gov.ar\/catalogoeconomiasocial\/wp-json\/wp\/v2\/product"}],"about":[{"href":"https:\/\/www.mendoza.gov.ar\/catalogoeconomiasocial\/wp-json\/wp\/v2\/types\/product"}],"replies":[{"embeddable":true,"href":"https:\/\/www.mendoza.gov.ar\/catalogoeconomiasocial\/wp-json\/wp\/v2\/comments?post=60579"}],"wp:featuredmedia":[{"embeddable":true,"href":"https:\/\/www.mendoza.gov.ar\/catalogoeconomiasocial\/wp-json\/wp\/v2\/media\/60580"}],"wp:attachment":[{"href":"https:\/\/www.mendoza.gov.ar\/catalogoeconomiasocial\/wp-json\/wp\/v2\/media?parent=60579"}],"wp:term":[{"taxonomy":"product_cat","embeddable":true,"href":"https:\/\/www.mendoza.gov.ar\/catalogoeconomiasocial\/wp-json\/wp\/v2\/product_cat?post=60579"},{"taxonomy":"product_tag","embeddable":true,"href":"https:\/\/www.mendoza.gov.ar\/catalogoeconomiasocial\/wp-json\/wp\/v2\/product_tag?post=60579"}],"curies":[{"name":"wp","href":"https:\/\/api.w.org\/{rel}","templated":true}]}}