{"id":60678,"date":"2025-12-22T11:32:21","date_gmt":"2025-12-22T14:32:21","guid":{"rendered":"https:\/\/www.mendoza.gov.ar\/catalogoeconomiasocial\/?post_type=product&#038;p=60678"},"modified":"2025-12-22T11:32:22","modified_gmt":"2025-12-22T14:32:22","slug":"aros-21","status":"publish","type":"product","link":"https:\/\/www.mendoza.gov.ar\/catalogoeconomiasocial\/producto\/aros-21\/","title":{"rendered":"Aros"},"content":{"rendered":"<!DOCTYPE html PUBLIC \"-\/\/W3C\/\/DTD HTML 4.0 Transitional\/\/EN\" \"http:\/\/www.w3.org\/TR\/REC-html40\/loose.dtd\">\n\n","protected":false},"excerpt":{"rendered":"Realizo los aros utilizando alambre de acero quir\u00fargico, cristales y mostacillas de acero. Primero selecciono el tama\u00f1o de la argolla y luego defino la combinaci\u00f3n de colores que voy a emplear. A continuaci\u00f3n, ensarto los cristales y las mostacillas en el alambre, y comienzo a enrollarlo alrededor del aro para darle rigidez y firmeza. Despu\u00e9s, utilizo ese mismo alambre para enrollar y dar forma a las flores con las mostacillas y cristales. La cantidad de flores var\u00eda seg\u00fan el di\u00e1metro de la argolla. Finalmente, realizo un \u00faltimo enrollado de alambre limpio (solo el alambre) para reforzar y asegurar una terminaci\u00f3n firme y prolija.","protected":false},"featured_media":60679,"comment_status":"open","ping_status":"closed","template":"","meta":[],"product_cat":[5923,6098,6102],"product_tag":[1336,6504],"_links":{"self":[{"href":"https:\/\/www.mendoza.gov.ar\/catalogoeconomiasocial\/wp-json\/wp\/v2\/product\/60678"}],"collection":[{"href":"https:\/\/www.mendoza.gov.ar\/catalogoeconomiasocial\/wp-json\/wp\/v2\/product"}],"about":[{"href":"https:\/\/www.mendoza.gov.ar\/catalogoeconomiasocial\/wp-json\/wp\/v2\/types\/product"}],"replies":[{"embeddable":true,"href":"https:\/\/www.mendoza.gov.ar\/catalogoeconomiasocial\/wp-json\/wp\/v2\/comments?post=60678"}],"wp:featuredmedia":[{"embeddable":true,"href":"https:\/\/www.mendoza.gov.ar\/catalogoeconomiasocial\/wp-json\/wp\/v2\/media\/60679"}],"wp:attachment":[{"href":"https:\/\/www.mendoza.gov.ar\/catalogoeconomiasocial\/wp-json\/wp\/v2\/media?parent=60678"}],"wp:term":[{"taxonomy":"product_cat","embeddable":true,"href":"https:\/\/www.mendoza.gov.ar\/catalogoeconomiasocial\/wp-json\/wp\/v2\/product_cat?post=60678"},{"taxonomy":"product_tag","embeddable":true,"href":"https:\/\/www.mendoza.gov.ar\/catalogoeconomiasocial\/wp-json\/wp\/v2\/product_tag?post=60678"}],"curies":[{"name":"wp","href":"https:\/\/api.w.org\/{rel}","templated":true}]}}