{"id":60726,"date":"2025-12-29T09:45:45","date_gmt":"2025-12-29T12:45:45","guid":{"rendered":"https:\/\/www.mendoza.gov.ar\/catalogoeconomiasocial\/?post_type=product&#038;p=60726"},"modified":"2025-12-29T09:45:45","modified_gmt":"2025-12-29T12:45:45","slug":"adornos-navidenos","status":"publish","type":"product","link":"https:\/\/www.mendoza.gov.ar\/catalogoeconomiasocial\/producto\/adornos-navidenos\/","title":{"rendered":"Adornos Navide\u00f1os"},"content":{"rendered":"<!DOCTYPE html PUBLIC \"-\/\/W3C\/\/DTD HTML 4.0 Transitional\/\/EN\" \"http:\/\/www.w3.org\/TR\/REC-html40\/loose.dtd\">\n\n","protected":false},"excerpt":{"rendered":"<div class=\"Qr7Oae\" role=\"listitem\">\r\n<div class=\"OxAavc NVbRL\" data-item-id=\"1926622796\">\r\n<div class=\"Ih4Dzb\">\r\n<div tabindex=\"0\" role=\"textbox\" aria-label=\"Descripci\u00f3n del Producto\/Servicio 2. Recuerde que es muy \u00fatil que describa las caracter\u00edsticas del producto o servicio de forma completa. Por ej: material en el que lo fabrica, medidas, proceso, etc.\" aria-disabled=\"true\">Mi producto es apto para el consumo dom\u00e9stico y decorativo. Tengo m\u00faltiples medidas ya que trabajo tazas, tazones, platos, fuentes, jarrones, jarras, ensaladeras. Trabajo a trav\u00e9s del sistema de colada y tambi\u00e9n con pasta dise\u00f1ando a mano todos mis productos. Pint\u00e1ndolos en su totalidad por mi.<\/div>\r\n<div class=\"q4tvle JqSWld yqQS1\" tabindex=\"0\" role=\"textbox\" aria-label=\"Descripci\u00f3n del Producto\/Servicio 2. Recuerde que es muy \u00fatil que describa las caracter\u00edsticas del producto o servicio de forma completa. Por ej: material en el que lo fabrica, medidas, proceso, etc.\" aria-disabled=\"true\">Son productos para colocar en diferentes espacios. Tambi\u00e9n en cer\u00e1mica con alguna intervenci\u00f3n de fibras naturales tambi\u00e9n.<\/div>\r\n<\/div>\r\n<\/div>\r\n<\/div>\r\n<div class=\"Qr7Oae\" role=\"listitem\">\r\n<div class=\"OxAavc\" data-input=\"L9xHkb\" data-item-id=\"807887054\">\r\n<div class=\"pYfr3c\">\r\n<div class=\"prOLdf\">\r\n<div class=\"g53bl\">\r\n<div id=\"c785\" class=\"cTDvob D1wxyf RjsPE\" role=\"heading\" aria-level=\"3\" aria-describedby=\"i.desc.807887054\"><\/div>\r\n<\/div>\r\n<\/div>\r\n<\/div>\r\n<\/div>\r\n<\/div>","protected":false},"featured_media":60729,"comment_status":"open","ping_status":"closed","template":"","meta":[],"product_cat":[6046,6058,6223],"product_tag":[985,1740],"_links":{"self":[{"href":"https:\/\/www.mendoza.gov.ar\/catalogoeconomiasocial\/wp-json\/wp\/v2\/product\/60726"}],"collection":[{"href":"https:\/\/www.mendoza.gov.ar\/catalogoeconomiasocial\/wp-json\/wp\/v2\/product"}],"about":[{"href":"https:\/\/www.mendoza.gov.ar\/catalogoeconomiasocial\/wp-json\/wp\/v2\/types\/product"}],"replies":[{"embeddable":true,"href":"https:\/\/www.mendoza.gov.ar\/catalogoeconomiasocial\/wp-json\/wp\/v2\/comments?post=60726"}],"wp:featuredmedia":[{"embeddable":true,"href":"https:\/\/www.mendoza.gov.ar\/catalogoeconomiasocial\/wp-json\/wp\/v2\/media\/60729"}],"wp:attachment":[{"href":"https:\/\/www.mendoza.gov.ar\/catalogoeconomiasocial\/wp-json\/wp\/v2\/media?parent=60726"}],"wp:term":[{"taxonomy":"product_cat","embeddable":true,"href":"https:\/\/www.mendoza.gov.ar\/catalogoeconomiasocial\/wp-json\/wp\/v2\/product_cat?post=60726"},{"taxonomy":"product_tag","embeddable":true,"href":"https:\/\/www.mendoza.gov.ar\/catalogoeconomiasocial\/wp-json\/wp\/v2\/product_tag?post=60726"}],"curies":[{"name":"wp","href":"https:\/\/api.w.org\/{rel}","templated":true}]}}