{"id":60758,"date":"2025-12-29T10:37:03","date_gmt":"2025-12-29T13:37:03","guid":{"rendered":"https:\/\/www.mendoza.gov.ar\/catalogoeconomiasocial\/?post_type=product&#038;p=60758"},"modified":"2025-12-29T10:37:03","modified_gmt":"2025-12-29T13:37:03","slug":"mates-proyecto-argentina","status":"publish","type":"product","link":"https:\/\/www.mendoza.gov.ar\/catalogoeconomiasocial\/producto\/mates-proyecto-argentina\/","title":{"rendered":"Mates &#8220;Proyecto Argentina&#8221;"},"content":{"rendered":"<!DOCTYPE html PUBLIC \"-\/\/W3C\/\/DTD HTML 4.0 Transitional\/\/EN\" \"http:\/\/www.w3.org\/TR\/REC-html40\/loose.dtd\">\n\n","protected":false},"excerpt":{"rendered":"Los mates del proyecto Argentina en taza-mate est\u00e1n elaborados en arcilla y representan elementos de la fauna y la flora aut\u00f3ctona del pa\u00eds. Cada pieza incorpora ilustraciones originales aplicadas mediante shablones de serigraf\u00eda, lo que permite destacar especies emblem\u00e1ticas como la jarilla y el choique patag\u00f3nico. El objetivo es crear objetos utilitarios que valoricen la biodiversidad argentina y promuevan su reconocimiento a trav\u00e9s de un dise\u00f1o cuidado y aut\u00e9ntico. Primera foto ( flor de la jarilla) Segunda foto( choique patag\u00f3nico)","protected":false},"featured_media":60754,"comment_status":"open","ping_status":"closed","template":"","meta":[],"product_cat":[6046,6053,6056],"product_tag":[3808,6848,839],"_links":{"self":[{"href":"https:\/\/www.mendoza.gov.ar\/catalogoeconomiasocial\/wp-json\/wp\/v2\/product\/60758"}],"collection":[{"href":"https:\/\/www.mendoza.gov.ar\/catalogoeconomiasocial\/wp-json\/wp\/v2\/product"}],"about":[{"href":"https:\/\/www.mendoza.gov.ar\/catalogoeconomiasocial\/wp-json\/wp\/v2\/types\/product"}],"replies":[{"embeddable":true,"href":"https:\/\/www.mendoza.gov.ar\/catalogoeconomiasocial\/wp-json\/wp\/v2\/comments?post=60758"}],"wp:featuredmedia":[{"embeddable":true,"href":"https:\/\/www.mendoza.gov.ar\/catalogoeconomiasocial\/wp-json\/wp\/v2\/media\/60754"}],"wp:attachment":[{"href":"https:\/\/www.mendoza.gov.ar\/catalogoeconomiasocial\/wp-json\/wp\/v2\/media?parent=60758"}],"wp:term":[{"taxonomy":"product_cat","embeddable":true,"href":"https:\/\/www.mendoza.gov.ar\/catalogoeconomiasocial\/wp-json\/wp\/v2\/product_cat?post=60758"},{"taxonomy":"product_tag","embeddable":true,"href":"https:\/\/www.mendoza.gov.ar\/catalogoeconomiasocial\/wp-json\/wp\/v2\/product_tag?post=60758"}],"curies":[{"name":"wp","href":"https:\/\/api.w.org\/{rel}","templated":true}]}}