{"id":60790,"date":"2025-12-29T12:52:17","date_gmt":"2025-12-29T15:52:17","guid":{"rendered":"https:\/\/www.mendoza.gov.ar\/catalogoeconomiasocial\/?post_type=product&#038;p=60790"},"modified":"2025-12-29T12:52:18","modified_gmt":"2025-12-29T15:52:18","slug":"porta-cosmeticos-neceser","status":"publish","type":"product","link":"https:\/\/www.mendoza.gov.ar\/catalogoeconomiasocial\/producto\/porta-cosmeticos-neceser\/","title":{"rendered":"Porta Cosm\u00e9ticos Neceser"},"content":{"rendered":"<!DOCTYPE html PUBLIC \"-\/\/W3C\/\/DTD HTML 4.0 Transitional\/\/EN\" \"http:\/\/www.w3.org\/TR\/REC-html40\/loose.dtd\">\n\n","protected":false},"excerpt":{"rendered":"Nesseres \/ carteras son proyecto que se confecciona en telas de loneta, jeans, cordura con forreria en tela vegetal, silver o bondeado, con cierre av\u00edos (medias lunas, mosquetones y reguladores). La manijas son de cinta mochilera o de la misma tela. Se lavan a mano o solo pasar pa\u00f1o h\u00famedo T\u00e9cnicas costuras a mano y a maquina","protected":false},"featured_media":60792,"comment_status":"open","ping_status":"closed","template":"","meta":[],"product_cat":[5923,6098,6101],"product_tag":[967,979,6457],"_links":{"self":[{"href":"https:\/\/www.mendoza.gov.ar\/catalogoeconomiasocial\/wp-json\/wp\/v2\/product\/60790"}],"collection":[{"href":"https:\/\/www.mendoza.gov.ar\/catalogoeconomiasocial\/wp-json\/wp\/v2\/product"}],"about":[{"href":"https:\/\/www.mendoza.gov.ar\/catalogoeconomiasocial\/wp-json\/wp\/v2\/types\/product"}],"replies":[{"embeddable":true,"href":"https:\/\/www.mendoza.gov.ar\/catalogoeconomiasocial\/wp-json\/wp\/v2\/comments?post=60790"}],"wp:featuredmedia":[{"embeddable":true,"href":"https:\/\/www.mendoza.gov.ar\/catalogoeconomiasocial\/wp-json\/wp\/v2\/media\/60792"}],"wp:attachment":[{"href":"https:\/\/www.mendoza.gov.ar\/catalogoeconomiasocial\/wp-json\/wp\/v2\/media?parent=60790"}],"wp:term":[{"taxonomy":"product_cat","embeddable":true,"href":"https:\/\/www.mendoza.gov.ar\/catalogoeconomiasocial\/wp-json\/wp\/v2\/product_cat?post=60790"},{"taxonomy":"product_tag","embeddable":true,"href":"https:\/\/www.mendoza.gov.ar\/catalogoeconomiasocial\/wp-json\/wp\/v2\/product_tag?post=60790"}],"curies":[{"name":"wp","href":"https:\/\/api.w.org\/{rel}","templated":true}]}}