{"id":60856,"date":"2026-01-21T11:03:06","date_gmt":"2026-01-21T14:03:06","guid":{"rendered":"https:\/\/www.mendoza.gov.ar\/catalogoeconomiasocial\/?post_type=product&#038;p=60856"},"modified":"2026-01-21T11:03:06","modified_gmt":"2026-01-21T14:03:06","slug":"aromatizante-para-textiles-y-ambiente","status":"publish","type":"product","link":"https:\/\/www.mendoza.gov.ar\/catalogoeconomiasocial\/producto\/aromatizante-para-textiles-y-ambiente\/","title":{"rendered":"Aromatizante para Textiles y Ambiente"},"content":{"rendered":"<!DOCTYPE html PUBLIC \"-\/\/W3C\/\/DTD HTML 4.0 Transitional\/\/EN\" \"http:\/\/www.w3.org\/TR\/REC-html40\/loose.dtd\">\n\n","protected":false},"excerpt":{"rendered":"Dale un toque de frescura y armon\u00eda a tu hogar con nuestro Home Spray artesanal. Dise\u00f1ado para perfumar tanto textiles como ambientes, su fragancia \u00fanica envuelve cada rinc\u00f3n con notas envolventes y duraderas. Ideal para renovar la energ\u00eda de tu espacio con solo unas pulverizaciones.\r\n\r\n\ud83d\udd38 F\u00f3rmula vers\u00e1til \u2013 \u00fasalo en cortinas, s\u00e1banas, sillones y m\u00e1s\r\n\r\n\ud83d\udd38 Aromas exclusivos para cada ambiente de tu hogar\r\n\r\n\ud83d\udd38 Elaborado artesanalmente con esencias de alta calidad","protected":false},"featured_media":60857,"comment_status":"open","ping_status":"closed","template":"","meta":[],"product_cat":[6046,6047,6050,6049],"product_tag":[7670,7665,1619],"_links":{"self":[{"href":"https:\/\/www.mendoza.gov.ar\/catalogoeconomiasocial\/wp-json\/wp\/v2\/product\/60856"}],"collection":[{"href":"https:\/\/www.mendoza.gov.ar\/catalogoeconomiasocial\/wp-json\/wp\/v2\/product"}],"about":[{"href":"https:\/\/www.mendoza.gov.ar\/catalogoeconomiasocial\/wp-json\/wp\/v2\/types\/product"}],"replies":[{"embeddable":true,"href":"https:\/\/www.mendoza.gov.ar\/catalogoeconomiasocial\/wp-json\/wp\/v2\/comments?post=60856"}],"wp:featuredmedia":[{"embeddable":true,"href":"https:\/\/www.mendoza.gov.ar\/catalogoeconomiasocial\/wp-json\/wp\/v2\/media\/60857"}],"wp:attachment":[{"href":"https:\/\/www.mendoza.gov.ar\/catalogoeconomiasocial\/wp-json\/wp\/v2\/media?parent=60856"}],"wp:term":[{"taxonomy":"product_cat","embeddable":true,"href":"https:\/\/www.mendoza.gov.ar\/catalogoeconomiasocial\/wp-json\/wp\/v2\/product_cat?post=60856"},{"taxonomy":"product_tag","embeddable":true,"href":"https:\/\/www.mendoza.gov.ar\/catalogoeconomiasocial\/wp-json\/wp\/v2\/product_tag?post=60856"}],"curies":[{"name":"wp","href":"https:\/\/api.w.org\/{rel}","templated":true}]}}