{"id":60861,"date":"2026-01-21T11:04:36","date_gmt":"2026-01-21T14:04:36","guid":{"rendered":"https:\/\/www.mendoza.gov.ar\/catalogoeconomiasocial\/?post_type=product&#038;p=60861"},"modified":"2026-01-21T11:04:36","modified_gmt":"2026-01-21T14:04:36","slug":"difusor-de-varillas","status":"publish","type":"product","link":"https:\/\/www.mendoza.gov.ar\/catalogoeconomiasocial\/producto\/difusor-de-varillas\/","title":{"rendered":"Difusor de Varillas"},"content":{"rendered":"<!DOCTYPE html PUBLIC \"-\/\/W3C\/\/DTD HTML 4.0 Transitional\/\/EN\" \"http:\/\/www.w3.org\/TR\/REC-html40\/loose.dtd\">\n\n","protected":false},"excerpt":{"rendered":"Disfruta de un aroma constante y elegante en tu hogar con nuestro difusor de varillas s\u00faper concentrado. Su f\u00f3rmula de larga duraci\u00f3n libera gradualmente la fragancia, envolviendo cada espacio con notas exquisitas por hasta 4 meses. Perfecto para quienes buscan una ambientaci\u00f3n sofisticada sin esfuerzo.\r\n\r\n\ud83d\udd38 S\u00faper concentrado \u2013 aroma intenso y duradero\r\n\r\n\ud83d\udd38 F\u00e1cil de usar \u2013 sin fuego ni electricidad\r\n\r\n\ud83d\udd38 Hasta 4 meses de duraci\u00f3n para un hogar siempre perfumado","protected":false},"featured_media":60864,"comment_status":"open","ping_status":"closed","template":"","meta":[],"product_cat":[6046,6047,6051],"product_tag":[7670,6748],"_links":{"self":[{"href":"https:\/\/www.mendoza.gov.ar\/catalogoeconomiasocial\/wp-json\/wp\/v2\/product\/60861"}],"collection":[{"href":"https:\/\/www.mendoza.gov.ar\/catalogoeconomiasocial\/wp-json\/wp\/v2\/product"}],"about":[{"href":"https:\/\/www.mendoza.gov.ar\/catalogoeconomiasocial\/wp-json\/wp\/v2\/types\/product"}],"replies":[{"embeddable":true,"href":"https:\/\/www.mendoza.gov.ar\/catalogoeconomiasocial\/wp-json\/wp\/v2\/comments?post=60861"}],"wp:featuredmedia":[{"embeddable":true,"href":"https:\/\/www.mendoza.gov.ar\/catalogoeconomiasocial\/wp-json\/wp\/v2\/media\/60864"}],"wp:attachment":[{"href":"https:\/\/www.mendoza.gov.ar\/catalogoeconomiasocial\/wp-json\/wp\/v2\/media?parent=60861"}],"wp:term":[{"taxonomy":"product_cat","embeddable":true,"href":"https:\/\/www.mendoza.gov.ar\/catalogoeconomiasocial\/wp-json\/wp\/v2\/product_cat?post=60861"},{"taxonomy":"product_tag","embeddable":true,"href":"https:\/\/www.mendoza.gov.ar\/catalogoeconomiasocial\/wp-json\/wp\/v2\/product_tag?post=60861"}],"curies":[{"name":"wp","href":"https:\/\/api.w.org\/{rel}","templated":true}]}}