{"id":61038,"date":"2026-01-27T12:07:09","date_gmt":"2026-01-27T15:07:09","guid":{"rendered":"https:\/\/www.mendoza.gov.ar\/catalogoeconomiasocial\/?post_type=product&#038;p=61038"},"modified":"2026-01-27T12:07:09","modified_gmt":"2026-01-27T15:07:09","slug":"centros-de-mesa-y-accesorios","status":"publish","type":"product","link":"https:\/\/www.mendoza.gov.ar\/catalogoeconomiasocial\/producto\/centros-de-mesa-y-accesorios\/","title":{"rendered":"Centros de Mesa y Accesorios"},"content":{"rendered":"<!DOCTYPE html PUBLIC \"-\/\/W3C\/\/DTD HTML 4.0 Transitional\/\/EN\" \"http:\/\/www.w3.org\/TR\/REC-html40\/loose.dtd\">\n\n","protected":false},"excerpt":{"rendered":"Generalmente utilizo Hilos para tejer decoraciones y me gusta fusionar los tejidos con tela , cuero ecologico y otros accesorios como mostacillas , argollas, lentejuelas , el proceso de armado es mayormente a mi criterio porque est\u00e1 clase de tejidos lo voy armando a imaginaci\u00f3n con el producto que yo crea necesario que combine y generalmente bordo alg\u00fan detalle .","protected":false},"featured_media":61040,"comment_status":"open","ping_status":"closed","template":"","meta":[],"product_cat":[6046,6058,6059,6060],"product_tag":[282,6594,6540,843],"_links":{"self":[{"href":"https:\/\/www.mendoza.gov.ar\/catalogoeconomiasocial\/wp-json\/wp\/v2\/product\/61038"}],"collection":[{"href":"https:\/\/www.mendoza.gov.ar\/catalogoeconomiasocial\/wp-json\/wp\/v2\/product"}],"about":[{"href":"https:\/\/www.mendoza.gov.ar\/catalogoeconomiasocial\/wp-json\/wp\/v2\/types\/product"}],"replies":[{"embeddable":true,"href":"https:\/\/www.mendoza.gov.ar\/catalogoeconomiasocial\/wp-json\/wp\/v2\/comments?post=61038"}],"wp:featuredmedia":[{"embeddable":true,"href":"https:\/\/www.mendoza.gov.ar\/catalogoeconomiasocial\/wp-json\/wp\/v2\/media\/61040"}],"wp:attachment":[{"href":"https:\/\/www.mendoza.gov.ar\/catalogoeconomiasocial\/wp-json\/wp\/v2\/media?parent=61038"}],"wp:term":[{"taxonomy":"product_cat","embeddable":true,"href":"https:\/\/www.mendoza.gov.ar\/catalogoeconomiasocial\/wp-json\/wp\/v2\/product_cat?post=61038"},{"taxonomy":"product_tag","embeddable":true,"href":"https:\/\/www.mendoza.gov.ar\/catalogoeconomiasocial\/wp-json\/wp\/v2\/product_tag?post=61038"}],"curies":[{"name":"wp","href":"https:\/\/api.w.org\/{rel}","templated":true}]}}