{"id":61203,"date":"2026-02-02T12:53:05","date_gmt":"2026-02-02T15:53:05","guid":{"rendered":"https:\/\/www.mendoza.gov.ar\/catalogoeconomiasocial\/?post_type=product&#038;p=61203"},"modified":"2026-02-02T12:53:06","modified_gmt":"2026-02-02T15:53:06","slug":"cuadernos-y-agendas-a5","status":"publish","type":"product","link":"https:\/\/www.mendoza.gov.ar\/catalogoeconomiasocial\/producto\/cuadernos-y-agendas-a5\/","title":{"rendered":"Cuadernos y Agendas A5"},"content":{"rendered":"<!DOCTYPE html PUBLIC \"-\/\/W3C\/\/DTD HTML 4.0 Transitional\/\/EN\" \"http:\/\/www.w3.org\/TR\/REC-html40\/loose.dtd\">\n\n","protected":false},"excerpt":{"rendered":"Dise\u00f1ados para acompa\u00f1arte en el d\u00eda a d\u00eda, los cuadernos y agendas tama\u00f1o A5 combinan funcionalidad, dise\u00f1o y materiales de calidad. Pod\u00e9s elegir entre tapa blanda con espiral pl\u00e1stico o tapa dura con doble anillo de alambre, seg\u00fan el uso y el estilo que prefieras. Los cuadernos est\u00e1n disponibles con hojas lisas, rayadas o cuadriculadas, ideales para escribir, estudiar, dibujar o planificar. Las agendas pueden ser perpetuas o anuales, con distintas disposiciones interiores: semana a la vista o dos d\u00edas por p\u00e1gina, adapt\u00e1ndose a diferentes ritmos y necesidades. Utilizamos interiores de Tienda Emefe, reconocida por su amplio repertorio de dise\u00f1os, que incluye planners, agendas de turnos, recetarios, interiores educativos para distintos niveles y muchas opciones m\u00e1s. Todas las hojas est\u00e1n impresas en papel Ledesma Nat de 75 g, un papel de excelente calidad, agradable al tacto y apto para una escritura fluida. Adem\u00e1s, es ecol\u00f3gicamente responsable, ya que est\u00e1 elaborado a partir de fibras de ca\u00f1a de az\u00facar. Cada pieza es armada con cuidado, pensada para ser pr\u00e1ctica, duradera y \u00fanica. CANTIDAD DE HOJAS EN CUADERNOS: 50, 80, 100 HOJAS CANTIDAD DE HOJAS EN AGENDAS: ENTRE 70 Y 150 HOJAS SEG\u00daN MODELO","protected":false},"featured_media":61208,"comment_status":"open","ping_status":"closed","template":"","meta":[],"product_cat":[6125,6126,6127],"product_tag":[],"_links":{"self":[{"href":"https:\/\/www.mendoza.gov.ar\/catalogoeconomiasocial\/wp-json\/wp\/v2\/product\/61203"}],"collection":[{"href":"https:\/\/www.mendoza.gov.ar\/catalogoeconomiasocial\/wp-json\/wp\/v2\/product"}],"about":[{"href":"https:\/\/www.mendoza.gov.ar\/catalogoeconomiasocial\/wp-json\/wp\/v2\/types\/product"}],"replies":[{"embeddable":true,"href":"https:\/\/www.mendoza.gov.ar\/catalogoeconomiasocial\/wp-json\/wp\/v2\/comments?post=61203"}],"wp:featuredmedia":[{"embeddable":true,"href":"https:\/\/www.mendoza.gov.ar\/catalogoeconomiasocial\/wp-json\/wp\/v2\/media\/61208"}],"wp:attachment":[{"href":"https:\/\/www.mendoza.gov.ar\/catalogoeconomiasocial\/wp-json\/wp\/v2\/media?parent=61203"}],"wp:term":[{"taxonomy":"product_cat","embeddable":true,"href":"https:\/\/www.mendoza.gov.ar\/catalogoeconomiasocial\/wp-json\/wp\/v2\/product_cat?post=61203"},{"taxonomy":"product_tag","embeddable":true,"href":"https:\/\/www.mendoza.gov.ar\/catalogoeconomiasocial\/wp-json\/wp\/v2\/product_tag?post=61203"}],"curies":[{"name":"wp","href":"https:\/\/api.w.org\/{rel}","templated":true}]}}