{"id":61211,"date":"2026-02-03T10:17:51","date_gmt":"2026-02-03T13:17:51","guid":{"rendered":"https:\/\/www.mendoza.gov.ar\/catalogoeconomiasocial\/?post_type=product&#038;p=61211"},"modified":"2026-02-03T10:17:51","modified_gmt":"2026-02-03T13:17:51","slug":"libretas-y-agendas-a6-10x15cm","status":"publish","type":"product","link":"https:\/\/www.mendoza.gov.ar\/catalogoeconomiasocial\/producto\/libretas-y-agendas-a6-10x15cm\/","title":{"rendered":"Libretas y Agendas A6 (10x15cm)"},"content":{"rendered":"<!DOCTYPE html PUBLIC \"-\/\/W3C\/\/DTD HTML 4.0 Transitional\/\/EN\" \"http:\/\/www.w3.org\/TR\/REC-html40\/loose.dtd\">\n\n","protected":false},"excerpt":{"rendered":"Dise\u00f1adas para acompa\u00f1arte a todos lados, las libretas y agendas tama\u00f1o A6 combinan practicidad, dise\u00f1o y materiales de calidad. Su formato compacto las convierte en una opci\u00f3n ideal para llevar c\u00f3modamente en bolsos de mano chicos, ri\u00f1oneras, mochilas o carteras, sin ocupar espacio. Pod\u00e9s elegir entre tapa blanda con espiral pl\u00e1stico o tapa dura con doble anillo de alambre, seg\u00fan el uso y el estilo que prefieras. Las libretas est\u00e1n disponibles con hojas lisas, rayadas o cuadriculadas, ideales para anotar ideas, listas, apuntes r\u00e1pidos o bocetos en cualquier momento del d\u00eda. Las agendas pueden ser perpetuas o anuales, con disposici\u00f3n interior de dos d\u00edas por p\u00e1gina, pensadas para una planificaci\u00f3n pr\u00e1ctica y \u00e1gil. Todas las hojas est\u00e1n impresas en papel Ledesma Nat de 75 g, de excelente calidad, agradable al tacto y apto para una escritura fluida. Adem\u00e1s, es un papel ecol\u00f3gicamente responsable, elaborado a partir de fibras de ca\u00f1a de az\u00facar. Cada pieza es armada con cuidado, pensada para ser pr\u00e1ctica, duradera y \u00fanica, ideal para acompa\u00f1arte en movimiento. CANTIDAD DE HOJAS: 50 O 80 HOJAS EN LIBRETAS Y EN AGENDAS ENTRE 100 Y 150 HOJAS SEG\u00daN MODELO","protected":false},"featured_media":61212,"comment_status":"open","ping_status":"closed","template":"","meta":[],"product_cat":[6125,6126,6127],"product_tag":[6361,6362],"_links":{"self":[{"href":"https:\/\/www.mendoza.gov.ar\/catalogoeconomiasocial\/wp-json\/wp\/v2\/product\/61211"}],"collection":[{"href":"https:\/\/www.mendoza.gov.ar\/catalogoeconomiasocial\/wp-json\/wp\/v2\/product"}],"about":[{"href":"https:\/\/www.mendoza.gov.ar\/catalogoeconomiasocial\/wp-json\/wp\/v2\/types\/product"}],"replies":[{"embeddable":true,"href":"https:\/\/www.mendoza.gov.ar\/catalogoeconomiasocial\/wp-json\/wp\/v2\/comments?post=61211"}],"wp:featuredmedia":[{"embeddable":true,"href":"https:\/\/www.mendoza.gov.ar\/catalogoeconomiasocial\/wp-json\/wp\/v2\/media\/61212"}],"wp:attachment":[{"href":"https:\/\/www.mendoza.gov.ar\/catalogoeconomiasocial\/wp-json\/wp\/v2\/media?parent=61211"}],"wp:term":[{"taxonomy":"product_cat","embeddable":true,"href":"https:\/\/www.mendoza.gov.ar\/catalogoeconomiasocial\/wp-json\/wp\/v2\/product_cat?post=61211"},{"taxonomy":"product_tag","embeddable":true,"href":"https:\/\/www.mendoza.gov.ar\/catalogoeconomiasocial\/wp-json\/wp\/v2\/product_tag?post=61211"}],"curies":[{"name":"wp","href":"https:\/\/api.w.org\/{rel}","templated":true}]}}