{"id":61218,"date":"2026-02-03T10:21:16","date_gmt":"2026-02-03T13:21:16","guid":{"rendered":"https:\/\/www.mendoza.gov.ar\/catalogoeconomiasocial\/?post_type=product&#038;p=61218"},"modified":"2026-02-03T10:21:16","modified_gmt":"2026-02-03T13:21:16","slug":"libreta-anotador-a7-75x105cm","status":"publish","type":"product","link":"https:\/\/www.mendoza.gov.ar\/catalogoeconomiasocial\/producto\/libreta-anotador-a7-75x105cm\/","title":{"rendered":"Libreta anotador A7 (7,5X10,5cm)"},"content":{"rendered":"<!DOCTYPE html PUBLIC \"-\/\/W3C\/\/DTD HTML 4.0 Transitional\/\/EN\" \"http:\/\/www.w3.org\/TR\/REC-html40\/loose.dtd\">\n\n","protected":false},"excerpt":{"rendered":"Pensada para anotar ideas al instante, la libreta anotador tama\u00f1o A7 combina practicidad, dise\u00f1o y materiales de calidad en un formato ultra compacto. Su tama\u00f1o peque\u00f1o la hace ideal para llevar en bolsillos, ri\u00f1oneras o carteras siempre a mano cuando la necesit\u00e1s. Cuenta con tapa blanda y espiral pl\u00e1stico, lo que la vuelve liviana, flexible y c\u00f3moda para el uso diario. Las hojas lisas son perfectas para anotaciones r\u00e1pidas, recordatorios, listas o bocetos espont\u00e1neos. Est\u00e1 realizada con papel Ledesma Nat de 75 g, de excelente calidad, agradable al tacto y apto para una escritura fluida. Adem\u00e1s, es un papel ecol\u00f3gicamente responsable, elaborado a partir de fibras de ca\u00f1a de az\u00facar. Cada libreta est\u00e1 armada con cuidado, pensada para ser pr\u00e1ctica, funcional y duradera, ideal para llevar tus ideas a todos lados. CANTIDAD DE HOJAS: 40 HOJAS","protected":false},"featured_media":61219,"comment_status":"open","ping_status":"closed","template":"","meta":[],"product_cat":[6125,6126,6127],"product_tag":[2090,6400],"_links":{"self":[{"href":"https:\/\/www.mendoza.gov.ar\/catalogoeconomiasocial\/wp-json\/wp\/v2\/product\/61218"}],"collection":[{"href":"https:\/\/www.mendoza.gov.ar\/catalogoeconomiasocial\/wp-json\/wp\/v2\/product"}],"about":[{"href":"https:\/\/www.mendoza.gov.ar\/catalogoeconomiasocial\/wp-json\/wp\/v2\/types\/product"}],"replies":[{"embeddable":true,"href":"https:\/\/www.mendoza.gov.ar\/catalogoeconomiasocial\/wp-json\/wp\/v2\/comments?post=61218"}],"wp:featuredmedia":[{"embeddable":true,"href":"https:\/\/www.mendoza.gov.ar\/catalogoeconomiasocial\/wp-json\/wp\/v2\/media\/61219"}],"wp:attachment":[{"href":"https:\/\/www.mendoza.gov.ar\/catalogoeconomiasocial\/wp-json\/wp\/v2\/media?parent=61218"}],"wp:term":[{"taxonomy":"product_cat","embeddable":true,"href":"https:\/\/www.mendoza.gov.ar\/catalogoeconomiasocial\/wp-json\/wp\/v2\/product_cat?post=61218"},{"taxonomy":"product_tag","embeddable":true,"href":"https:\/\/www.mendoza.gov.ar\/catalogoeconomiasocial\/wp-json\/wp\/v2\/product_tag?post=61218"}],"curies":[{"name":"wp","href":"https:\/\/api.w.org\/{rel}","templated":true}]}}