{"id":61224,"date":"2026-02-03T10:27:39","date_gmt":"2026-02-03T13:27:39","guid":{"rendered":"https:\/\/www.mendoza.gov.ar\/catalogoeconomiasocial\/?post_type=product&#038;p=61224"},"modified":"2026-02-03T10:27:39","modified_gmt":"2026-02-03T13:27:39","slug":"bolsito-neceser","status":"publish","type":"product","link":"https:\/\/www.mendoza.gov.ar\/catalogoeconomiasocial\/producto\/bolsito-neceser\/","title":{"rendered":"Bolsito Neceser"},"content":{"rendered":"<!DOCTYPE html PUBLIC \"-\/\/W3C\/\/DTD HTML 4.0 Transitional\/\/EN\" \"http:\/\/www.w3.org\/TR\/REC-html40\/loose.dtd\">\n\n","protected":false},"excerpt":{"rendered":"Este neceser es uno de los tama\u00f1os m\u00e1s grandes que realizamos (25 cm x 10 cm x 10 cm). Est\u00e1 confeccionado en tela de cordura y cuenta con un forro interior de nylon, lo que lo hace m\u00e1s resistente y duradero. Para su realizaci\u00f3n, primero se elaboran los moldes, que luego se trasladan a la tela. Las piezas se recortan, se unen con alfileres y se cosen cuidadosamente una a una. Finalmente, se agrega el cierre y la etiqueta. Como detalle final, confeccionamos una bolsa de tela vegetal para entregar el neceser, cuidando cada presentaci\u00f3n con el mismo amor con el que fue hecho.","protected":false},"featured_media":61225,"comment_status":"open","ping_status":"closed","template":"","meta":[],"product_cat":[5923,6098,6101],"product_tag":[967,6793,6284],"_links":{"self":[{"href":"https:\/\/www.mendoza.gov.ar\/catalogoeconomiasocial\/wp-json\/wp\/v2\/product\/61224"}],"collection":[{"href":"https:\/\/www.mendoza.gov.ar\/catalogoeconomiasocial\/wp-json\/wp\/v2\/product"}],"about":[{"href":"https:\/\/www.mendoza.gov.ar\/catalogoeconomiasocial\/wp-json\/wp\/v2\/types\/product"}],"replies":[{"embeddable":true,"href":"https:\/\/www.mendoza.gov.ar\/catalogoeconomiasocial\/wp-json\/wp\/v2\/comments?post=61224"}],"wp:featuredmedia":[{"embeddable":true,"href":"https:\/\/www.mendoza.gov.ar\/catalogoeconomiasocial\/wp-json\/wp\/v2\/media\/61225"}],"wp:attachment":[{"href":"https:\/\/www.mendoza.gov.ar\/catalogoeconomiasocial\/wp-json\/wp\/v2\/media?parent=61224"}],"wp:term":[{"taxonomy":"product_cat","embeddable":true,"href":"https:\/\/www.mendoza.gov.ar\/catalogoeconomiasocial\/wp-json\/wp\/v2\/product_cat?post=61224"},{"taxonomy":"product_tag","embeddable":true,"href":"https:\/\/www.mendoza.gov.ar\/catalogoeconomiasocial\/wp-json\/wp\/v2\/product_tag?post=61224"}],"curies":[{"name":"wp","href":"https:\/\/api.w.org\/{rel}","templated":true}]}}