{"id":61227,"date":"2026-02-03T10:29:39","date_gmt":"2026-02-03T13:29:39","guid":{"rendered":"https:\/\/www.mendoza.gov.ar\/catalogoeconomiasocial\/?post_type=product&#038;p=61227"},"modified":"2026-02-03T10:29:39","modified_gmt":"2026-02-03T13:29:39","slug":"yerbero-3","status":"publish","type":"product","link":"https:\/\/www.mendoza.gov.ar\/catalogoeconomiasocial\/producto\/yerbero-3\/","title":{"rendered":"Yerbero"},"content":{"rendered":"<!DOCTYPE html PUBLIC \"-\/\/W3C\/\/DTD HTML 4.0 Transitional\/\/EN\" \"http:\/\/www.w3.org\/TR\/REC-html40\/loose.dtd\">\n\n","protected":false},"excerpt":{"rendered":"Los Chau Lata son uno de los productos m\u00e1s vendidos del emprendimiento, gracias a lo pr\u00e1cticos y funcionales que resultan. Est\u00e1n confeccionados en tela de CORDURA Y NYLON, con una medida convencional (10cm x 5cm x 13cm\/15cm) Su realizaci\u00f3n comienza con la preparaci\u00f3n de los moldes, que luego se trasladan a la tela. Las piezas se recortan y se cosen cuidadosamente, incorporando el cierre y la etiqueta en el proceso. Algunos modelos incluyen un pico vertedor, pensado para facilitar a\u00fan m\u00e1s su uso y brindar mayor comodidad. Por ultimo se corta la tela vegetal y se cose para hacer una bolsa el cual es nuestro empaquetado","protected":false},"featured_media":61228,"comment_status":"open","ping_status":"closed","template":"","meta":[],"product_cat":[6046,6053,6054],"product_tag":[7246,967,7133,7132],"_links":{"self":[{"href":"https:\/\/www.mendoza.gov.ar\/catalogoeconomiasocial\/wp-json\/wp\/v2\/product\/61227"}],"collection":[{"href":"https:\/\/www.mendoza.gov.ar\/catalogoeconomiasocial\/wp-json\/wp\/v2\/product"}],"about":[{"href":"https:\/\/www.mendoza.gov.ar\/catalogoeconomiasocial\/wp-json\/wp\/v2\/types\/product"}],"replies":[{"embeddable":true,"href":"https:\/\/www.mendoza.gov.ar\/catalogoeconomiasocial\/wp-json\/wp\/v2\/comments?post=61227"}],"wp:featuredmedia":[{"embeddable":true,"href":"https:\/\/www.mendoza.gov.ar\/catalogoeconomiasocial\/wp-json\/wp\/v2\/media\/61228"}],"wp:attachment":[{"href":"https:\/\/www.mendoza.gov.ar\/catalogoeconomiasocial\/wp-json\/wp\/v2\/media?parent=61227"}],"wp:term":[{"taxonomy":"product_cat","embeddable":true,"href":"https:\/\/www.mendoza.gov.ar\/catalogoeconomiasocial\/wp-json\/wp\/v2\/product_cat?post=61227"},{"taxonomy":"product_tag","embeddable":true,"href":"https:\/\/www.mendoza.gov.ar\/catalogoeconomiasocial\/wp-json\/wp\/v2\/product_tag?post=61227"}],"curies":[{"name":"wp","href":"https:\/\/api.w.org\/{rel}","templated":true}]}}