{"id":61230,"date":"2026-02-03T10:30:52","date_gmt":"2026-02-03T13:30:52","guid":{"rendered":"https:\/\/www.mendoza.gov.ar\/catalogoeconomiasocial\/?post_type=product&#038;p=61230"},"modified":"2026-02-03T10:30:52","modified_gmt":"2026-02-03T13:30:52","slug":"bolso-matero-21","status":"publish","type":"product","link":"https:\/\/www.mendoza.gov.ar\/catalogoeconomiasocial\/producto\/bolso-matero-21\/","title":{"rendered":"Bolso Matero"},"content":{"rendered":"<!DOCTYPE html PUBLIC \"-\/\/W3C\/\/DTD HTML 4.0 Transitional\/\/EN\" \"http:\/\/www.w3.org\/TR\/REC-html40\/loose.dtd\">\n\n","protected":false},"excerpt":{"rendered":"Este bolso matero est\u00e1 confeccionado en tela de cordura, como todos nuestros productos, y forrado en nylon. En este caso, la resistencia es fundamental, ya que est\u00e1 pensado para soportar mucho peso. Sus medidas son de 20 cm x 20 cm x 45 cm. En su interior cuenta con compartimentos para colocar el termo y la bombilla, adem\u00e1s de un cierre doble y un bot\u00f3n con im\u00e1n. En los laterales tiene dos bolsillos con cierre, que aportan practicidad y organizaci\u00f3n. Para su traslado, posee una manija en la parte superior y una correa tipo mochila, lo que lo hace c\u00f3modo y vers\u00e1til. El bolso se entrega al cliente dentro de una bolsa de tela vegetal, confeccionada por el emprendimiento, cuidando cada detalle de la presentaci\u00f3n. Su realizaci\u00f3n se lleva a cabo a partir de moldes que requieren un trabajo minucioso y detallista. Luego se unen las piezas, se incorporan los cierres y la etiqueta, dando como resultado un producto resistente, funcional y artesanal.","protected":false},"featured_media":61231,"comment_status":"open","ping_status":"closed","template":"","meta":[],"product_cat":[6046,6053,6054],"product_tag":[967,590],"_links":{"self":[{"href":"https:\/\/www.mendoza.gov.ar\/catalogoeconomiasocial\/wp-json\/wp\/v2\/product\/61230"}],"collection":[{"href":"https:\/\/www.mendoza.gov.ar\/catalogoeconomiasocial\/wp-json\/wp\/v2\/product"}],"about":[{"href":"https:\/\/www.mendoza.gov.ar\/catalogoeconomiasocial\/wp-json\/wp\/v2\/types\/product"}],"replies":[{"embeddable":true,"href":"https:\/\/www.mendoza.gov.ar\/catalogoeconomiasocial\/wp-json\/wp\/v2\/comments?post=61230"}],"wp:featuredmedia":[{"embeddable":true,"href":"https:\/\/www.mendoza.gov.ar\/catalogoeconomiasocial\/wp-json\/wp\/v2\/media\/61231"}],"wp:attachment":[{"href":"https:\/\/www.mendoza.gov.ar\/catalogoeconomiasocial\/wp-json\/wp\/v2\/media?parent=61230"}],"wp:term":[{"taxonomy":"product_cat","embeddable":true,"href":"https:\/\/www.mendoza.gov.ar\/catalogoeconomiasocial\/wp-json\/wp\/v2\/product_cat?post=61230"},{"taxonomy":"product_tag","embeddable":true,"href":"https:\/\/www.mendoza.gov.ar\/catalogoeconomiasocial\/wp-json\/wp\/v2\/product_tag?post=61230"}],"curies":[{"name":"wp","href":"https:\/\/api.w.org\/{rel}","templated":true}]}}