{"id":61233,"date":"2026-02-03T10:49:57","date_gmt":"2026-02-03T13:49:57","guid":{"rendered":"https:\/\/www.mendoza.gov.ar\/catalogoeconomiasocial\/?post_type=product&#038;p=61233"},"modified":"2026-02-03T10:49:57","modified_gmt":"2026-02-03T13:49:57","slug":"agendas-6","status":"publish","type":"product","link":"https:\/\/www.mendoza.gov.ar\/catalogoeconomiasocial\/producto\/agendas-6\/","title":{"rendered":"Agendas"},"content":{"rendered":"<!DOCTYPE html PUBLIC \"-\/\/W3C\/\/DTD HTML 4.0 Transitional\/\/EN\" \"http:\/\/www.w3.org\/TR\/REC-html40\/loose.dtd\">\n\n","protected":false},"excerpt":{"rendered":"Especificaciones T\u00e9cnicas: \u200b\r\n\r\n\u2022Medidas: Tama\u00f1o A5 (15 x 21 cm)\r\n\r\n\u2022Tapas: Realizadas en cart\u00f3n r\u00edgido de 2mm de alta densidad, forradas en papel fotogr\u00e1fico laminado (mate o brillante)\r\n\r\n\u2022Interiores: Hojas de 80g o 90g (seg\u00fan stock)\r\n\r\n\u2022Encuadernaci\u00f3n: Sistema de anillado met\u00e1lico doble (Ring Wire), que permite una apertura de 360\u00b0\r\n\r\n\u2022Cierre: El\u00e1stico reforzado a tono con el dise\u00f1o\r\n\r\nProceso y Contenido: Cada agenda se arma desde cero. Primero dise\u00f1amos las tapas seg\u00fan tu gusto, luego realizamos el corte y perforado manual de las hojas, y finalmente el ensamblado.\r\n\r\nEn su interior, las agendas Meraki incluyen: \u200b\u2022Planificador mensual y semanal. \u200b\u2022Control de gastos y objetivos. \u200b\u2022Calendario anual y feriados. \u200b\u2022Secci\u00f3n de notas y contactos.","protected":false},"featured_media":61234,"comment_status":"open","ping_status":"closed","template":"","meta":[],"product_cat":[6125,6126,6127],"product_tag":[6436],"_links":{"self":[{"href":"https:\/\/www.mendoza.gov.ar\/catalogoeconomiasocial\/wp-json\/wp\/v2\/product\/61233"}],"collection":[{"href":"https:\/\/www.mendoza.gov.ar\/catalogoeconomiasocial\/wp-json\/wp\/v2\/product"}],"about":[{"href":"https:\/\/www.mendoza.gov.ar\/catalogoeconomiasocial\/wp-json\/wp\/v2\/types\/product"}],"replies":[{"embeddable":true,"href":"https:\/\/www.mendoza.gov.ar\/catalogoeconomiasocial\/wp-json\/wp\/v2\/comments?post=61233"}],"wp:featuredmedia":[{"embeddable":true,"href":"https:\/\/www.mendoza.gov.ar\/catalogoeconomiasocial\/wp-json\/wp\/v2\/media\/61234"}],"wp:attachment":[{"href":"https:\/\/www.mendoza.gov.ar\/catalogoeconomiasocial\/wp-json\/wp\/v2\/media?parent=61233"}],"wp:term":[{"taxonomy":"product_cat","embeddable":true,"href":"https:\/\/www.mendoza.gov.ar\/catalogoeconomiasocial\/wp-json\/wp\/v2\/product_cat?post=61233"},{"taxonomy":"product_tag","embeddable":true,"href":"https:\/\/www.mendoza.gov.ar\/catalogoeconomiasocial\/wp-json\/wp\/v2\/product_tag?post=61233"}],"curies":[{"name":"wp","href":"https:\/\/api.w.org\/{rel}","templated":true}]}}