{"id":61238,"date":"2026-02-03T10:52:41","date_gmt":"2026-02-03T13:52:41","guid":{"rendered":"https:\/\/www.mendoza.gov.ar\/catalogoeconomiasocial\/?post_type=product&#038;p=61238"},"modified":"2026-02-03T10:52:41","modified_gmt":"2026-02-03T13:52:41","slug":"stickers","status":"publish","type":"product","link":"https:\/\/www.mendoza.gov.ar\/catalogoeconomiasocial\/producto\/stickers\/","title":{"rendered":"Stickers"},"content":{"rendered":"<!DOCTYPE html PUBLIC \"-\/\/W3C\/\/DTD HTML 4.0 Transitional\/\/EN\" \"http:\/\/www.w3.org\/TR\/REC-html40\/loose.dtd\">\n\n","protected":false},"excerpt":{"rendered":"Especificaciones T\u00e9cnicas:\r\n\r\n\u200b\u2022Material: Fabricados en papel fotogr\u00e1fico adhesivo de alto brillo\r\n\r\n\u2022Terminaci\u00f3n: Contamos con una capa de laminado protector opcional que los hace m\u00e1s resistentes al roce diario, evitando que el dise\u00f1o se desgaste o pierda color con el tiempo.\r\n\r\n\u2022Medidas: Totalmente personalizables, desde peque\u00f1os detalles de 3 cm hasta piezas m\u00e1s grandes de 10 cm o m\u00e1s","protected":false},"featured_media":61239,"comment_status":"open","ping_status":"closed","template":"","meta":[],"product_cat":[6125,6126,6130],"product_tag":[7062,8102],"_links":{"self":[{"href":"https:\/\/www.mendoza.gov.ar\/catalogoeconomiasocial\/wp-json\/wp\/v2\/product\/61238"}],"collection":[{"href":"https:\/\/www.mendoza.gov.ar\/catalogoeconomiasocial\/wp-json\/wp\/v2\/product"}],"about":[{"href":"https:\/\/www.mendoza.gov.ar\/catalogoeconomiasocial\/wp-json\/wp\/v2\/types\/product"}],"replies":[{"embeddable":true,"href":"https:\/\/www.mendoza.gov.ar\/catalogoeconomiasocial\/wp-json\/wp\/v2\/comments?post=61238"}],"wp:featuredmedia":[{"embeddable":true,"href":"https:\/\/www.mendoza.gov.ar\/catalogoeconomiasocial\/wp-json\/wp\/v2\/media\/61239"}],"wp:attachment":[{"href":"https:\/\/www.mendoza.gov.ar\/catalogoeconomiasocial\/wp-json\/wp\/v2\/media?parent=61238"}],"wp:term":[{"taxonomy":"product_cat","embeddable":true,"href":"https:\/\/www.mendoza.gov.ar\/catalogoeconomiasocial\/wp-json\/wp\/v2\/product_cat?post=61238"},{"taxonomy":"product_tag","embeddable":true,"href":"https:\/\/www.mendoza.gov.ar\/catalogoeconomiasocial\/wp-json\/wp\/v2\/product_tag?post=61238"}],"curies":[{"name":"wp","href":"https:\/\/api.w.org\/{rel}","templated":true}]}}