{"id":61281,"date":"2026-02-03T11:49:42","date_gmt":"2026-02-03T14:49:42","guid":{"rendered":"https:\/\/www.mendoza.gov.ar\/catalogoeconomiasocial\/?post_type=product&#038;p=61281"},"modified":"2026-02-03T11:49:42","modified_gmt":"2026-02-03T14:49:42","slug":"cartuchera-paris","status":"publish","type":"product","link":"https:\/\/www.mendoza.gov.ar\/catalogoeconomiasocial\/producto\/cartuchera-paris\/","title":{"rendered":"Cartuchera &#8220;Par\u00eds&#8221;"},"content":{"rendered":"<!DOCTYPE html PUBLIC \"-\/\/W3C\/\/DTD HTML 4.0 Transitional\/\/EN\" \"http:\/\/www.w3.org\/TR\/REC-html40\/loose.dtd\">\n\n","protected":false},"excerpt":{"rendered":"Cartuchera Par\u00eds\r\n\r\nEstilo y funcionalidad en uno.\r\n\r\nCuenta con un bolsillo en red con cierre para guardar tus \u00fatiles y un portal\u00e1pices desmontable gracias a su broche im\u00e1n con separadores en el\u00e1stico.\r\n\r\nAdem\u00e1s, tiene una manija para llevarla c\u00f3modamente.\r\n\r\n\u00a1Perfecta para la escuela o el trabajo!","protected":false},"featured_media":61285,"comment_status":"open","ping_status":"closed","template":"","meta":[],"product_cat":[6125,6134,6238],"product_tag":[8249,7376,7438],"_links":{"self":[{"href":"https:\/\/www.mendoza.gov.ar\/catalogoeconomiasocial\/wp-json\/wp\/v2\/product\/61281"}],"collection":[{"href":"https:\/\/www.mendoza.gov.ar\/catalogoeconomiasocial\/wp-json\/wp\/v2\/product"}],"about":[{"href":"https:\/\/www.mendoza.gov.ar\/catalogoeconomiasocial\/wp-json\/wp\/v2\/types\/product"}],"replies":[{"embeddable":true,"href":"https:\/\/www.mendoza.gov.ar\/catalogoeconomiasocial\/wp-json\/wp\/v2\/comments?post=61281"}],"wp:featuredmedia":[{"embeddable":true,"href":"https:\/\/www.mendoza.gov.ar\/catalogoeconomiasocial\/wp-json\/wp\/v2\/media\/61285"}],"wp:attachment":[{"href":"https:\/\/www.mendoza.gov.ar\/catalogoeconomiasocial\/wp-json\/wp\/v2\/media?parent=61281"}],"wp:term":[{"taxonomy":"product_cat","embeddable":true,"href":"https:\/\/www.mendoza.gov.ar\/catalogoeconomiasocial\/wp-json\/wp\/v2\/product_cat?post=61281"},{"taxonomy":"product_tag","embeddable":true,"href":"https:\/\/www.mendoza.gov.ar\/catalogoeconomiasocial\/wp-json\/wp\/v2\/product_tag?post=61281"}],"curies":[{"name":"wp","href":"https:\/\/api.w.org\/{rel}","templated":true}]}}