{"id":61303,"date":"2026-02-03T12:19:52","date_gmt":"2026-02-03T15:19:52","guid":{"rendered":"https:\/\/www.mendoza.gov.ar\/catalogoeconomiasocial\/?post_type=product&#038;p=61303"},"modified":"2026-02-03T12:20:20","modified_gmt":"2026-02-03T15:20:20","slug":"bandejas-para-velas","status":"publish","type":"product","link":"https:\/\/www.mendoza.gov.ar\/catalogoeconomiasocial\/producto\/bandejas-para-velas\/","title":{"rendered":"Bandejas para Velas"},"content":{"rendered":"<!DOCTYPE html PUBLIC \"-\/\/W3C\/\/DTD HTML 4.0 Transitional\/\/EN\" \"http:\/\/www.w3.org\/TR\/REC-html40\/loose.dtd\">\n\n","protected":false},"excerpt":{"rendered":"Bandejas, floreros y contenedores de velas en yeso Par\u00eds.\r\n\r\nBandejas, floreritos, recipientes difusores, hornitos en cer\u00e1mica pintada a mano.\r\n\r\nPosa vasos realizados en crochet.\r\n\r\n::::VELAS DE SOJA 100% vegetal, vertidas a mano. Elaboradas con cera de soja natural y mecha de algod\u00f3n. Proceso artesanal con fragancias premium. Hechas a mano en peque\u00f1os lotes. Eco friendly, libre de parafina. DIFUSOR DE AMBIENTE: Difusor de varillas elaborado con base premium. Fragancias concentradas de alta duraci\u00f3n. Elaboraci\u00f3n artesanal. Aromas de liberaci\u00f3n gradual y constante. HOME SPRAY con fragancias premium. Elaboraci\u00f3n artesanal. Perfumes instant\u00e1neos para ambientes y textiles. F\u00f3rmula equilibrada para una mejor fijaci\u00f3n, ejemplo: Home spray artesanal con fragancias seleccionadas para perfumar y renovar los espacios al instante.","protected":false},"featured_media":61304,"comment_status":"open","ping_status":"closed","template":"","meta":[],"product_cat":[6046,6058,6067,6068],"product_tag":[6265,1539],"_links":{"self":[{"href":"https:\/\/www.mendoza.gov.ar\/catalogoeconomiasocial\/wp-json\/wp\/v2\/product\/61303"}],"collection":[{"href":"https:\/\/www.mendoza.gov.ar\/catalogoeconomiasocial\/wp-json\/wp\/v2\/product"}],"about":[{"href":"https:\/\/www.mendoza.gov.ar\/catalogoeconomiasocial\/wp-json\/wp\/v2\/types\/product"}],"replies":[{"embeddable":true,"href":"https:\/\/www.mendoza.gov.ar\/catalogoeconomiasocial\/wp-json\/wp\/v2\/comments?post=61303"}],"wp:featuredmedia":[{"embeddable":true,"href":"https:\/\/www.mendoza.gov.ar\/catalogoeconomiasocial\/wp-json\/wp\/v2\/media\/61304"}],"wp:attachment":[{"href":"https:\/\/www.mendoza.gov.ar\/catalogoeconomiasocial\/wp-json\/wp\/v2\/media?parent=61303"}],"wp:term":[{"taxonomy":"product_cat","embeddable":true,"href":"https:\/\/www.mendoza.gov.ar\/catalogoeconomiasocial\/wp-json\/wp\/v2\/product_cat?post=61303"},{"taxonomy":"product_tag","embeddable":true,"href":"https:\/\/www.mendoza.gov.ar\/catalogoeconomiasocial\/wp-json\/wp\/v2\/product_tag?post=61303"}],"curies":[{"name":"wp","href":"https:\/\/api.w.org\/{rel}","templated":true}]}}