{"id":61347,"date":"2026-02-04T12:59:55","date_gmt":"2026-02-04T15:59:55","guid":{"rendered":"https:\/\/www.mendoza.gov.ar\/catalogoeconomiasocial\/?post_type=product&#038;p=61347"},"modified":"2026-02-04T12:59:55","modified_gmt":"2026-02-04T15:59:55","slug":"llaveros-19","status":"publish","type":"product","link":"https:\/\/www.mendoza.gov.ar\/catalogoeconomiasocial\/producto\/llaveros-19\/","title":{"rendered":"Llaveros"},"content":{"rendered":"<!DOCTYPE html PUBLIC \"-\/\/W3C\/\/DTD HTML 4.0 Transitional\/\/EN\" \"http:\/\/www.w3.org\/TR\/REC-html40\/loose.dtd\">\n\n","protected":false},"excerpt":{"rendered":"Para los llaveros utilizamos madera de distintas medidas. Algunos llaveros est\u00e1n forrados con lana luego se coloca un stiker ,se les hace una borla con lana de distintos colores combinada con tem\u00e1tica del llavero y se termina colocando el mosquet\u00f3n. Tambi\u00e9n se hacen llaveros pintados con la t\u00e9cnica de puntillismo, otra con decoupage, tambien con t\u00e9cnica de craquelado.Otras se pega stiker infantiles para mochilas, se les hacen borlas de distintos colores..otros se hacen con madera forrados en lana para colgar en las mochilas.","protected":false},"featured_media":61349,"comment_status":"open","ping_status":"closed","template":"","meta":[],"product_cat":[5923,6098,6106],"product_tag":[548,821],"_links":{"self":[{"href":"https:\/\/www.mendoza.gov.ar\/catalogoeconomiasocial\/wp-json\/wp\/v2\/product\/61347"}],"collection":[{"href":"https:\/\/www.mendoza.gov.ar\/catalogoeconomiasocial\/wp-json\/wp\/v2\/product"}],"about":[{"href":"https:\/\/www.mendoza.gov.ar\/catalogoeconomiasocial\/wp-json\/wp\/v2\/types\/product"}],"replies":[{"embeddable":true,"href":"https:\/\/www.mendoza.gov.ar\/catalogoeconomiasocial\/wp-json\/wp\/v2\/comments?post=61347"}],"wp:featuredmedia":[{"embeddable":true,"href":"https:\/\/www.mendoza.gov.ar\/catalogoeconomiasocial\/wp-json\/wp\/v2\/media\/61349"}],"wp:attachment":[{"href":"https:\/\/www.mendoza.gov.ar\/catalogoeconomiasocial\/wp-json\/wp\/v2\/media?parent=61347"}],"wp:term":[{"taxonomy":"product_cat","embeddable":true,"href":"https:\/\/www.mendoza.gov.ar\/catalogoeconomiasocial\/wp-json\/wp\/v2\/product_cat?post=61347"},{"taxonomy":"product_tag","embeddable":true,"href":"https:\/\/www.mendoza.gov.ar\/catalogoeconomiasocial\/wp-json\/wp\/v2\/product_tag?post=61347"}],"curies":[{"name":"wp","href":"https:\/\/api.w.org\/{rel}","templated":true}]}}