{"id":61356,"date":"2026-02-04T19:18:22","date_gmt":"2026-02-04T22:18:22","guid":{"rendered":"https:\/\/www.mendoza.gov.ar\/catalogoeconomiasocial\/?post_type=product&#038;p=61356"},"modified":"2026-02-04T19:18:23","modified_gmt":"2026-02-04T22:18:23","slug":"ocarimba","status":"publish","type":"product","link":"https:\/\/www.mendoza.gov.ar\/catalogoeconomiasocial\/producto\/ocarimba\/","title":{"rendered":"Ocarimba"},"content":{"rendered":"<!DOCTYPE html PUBLIC \"-\/\/W3C\/\/DTD HTML 4.0 Transitional\/\/EN\" \"http:\/\/www.w3.org\/TR\/REC-html40\/loose.dtd\">\n\n","protected":false},"excerpt":{"rendered":"La Ocarimba es un instrumento artesanal exclusivo dise\u00f1ado y constru\u00edda en Roble macizo de selecci\u00f3n y fabricada como una edici\u00f3n especial donde se combina la ocarina con la kalimba en una sola pieza, haciendo de este instrumento una versi\u00f3n \u00fanica de f\u00e1cil ejecuci\u00f3n y excelente calidad sonora EL puente es de aluminio y su afinaci\u00f3n esta basada en una escala de s\u00e1nsula Escala de Ocarina: Pentat\u00f3nica","protected":false},"featured_media":61360,"comment_status":"open","ping_status":"closed","template":"","meta":[],"product_cat":[6087,1428],"product_tag":[8258,1074],"_links":{"self":[{"href":"https:\/\/www.mendoza.gov.ar\/catalogoeconomiasocial\/wp-json\/wp\/v2\/product\/61356"}],"collection":[{"href":"https:\/\/www.mendoza.gov.ar\/catalogoeconomiasocial\/wp-json\/wp\/v2\/product"}],"about":[{"href":"https:\/\/www.mendoza.gov.ar\/catalogoeconomiasocial\/wp-json\/wp\/v2\/types\/product"}],"replies":[{"embeddable":true,"href":"https:\/\/www.mendoza.gov.ar\/catalogoeconomiasocial\/wp-json\/wp\/v2\/comments?post=61356"}],"wp:featuredmedia":[{"embeddable":true,"href":"https:\/\/www.mendoza.gov.ar\/catalogoeconomiasocial\/wp-json\/wp\/v2\/media\/61360"}],"wp:attachment":[{"href":"https:\/\/www.mendoza.gov.ar\/catalogoeconomiasocial\/wp-json\/wp\/v2\/media?parent=61356"}],"wp:term":[{"taxonomy":"product_cat","embeddable":true,"href":"https:\/\/www.mendoza.gov.ar\/catalogoeconomiasocial\/wp-json\/wp\/v2\/product_cat?post=61356"},{"taxonomy":"product_tag","embeddable":true,"href":"https:\/\/www.mendoza.gov.ar\/catalogoeconomiasocial\/wp-json\/wp\/v2\/product_tag?post=61356"}],"curies":[{"name":"wp","href":"https:\/\/api.w.org\/{rel}","templated":true}]}}