{"id":61361,"date":"2026-02-04T19:37:52","date_gmt":"2026-02-04T22:37:52","guid":{"rendered":"https:\/\/www.mendoza.gov.ar\/catalogoeconomiasocial\/?post_type=product&#038;p=61361"},"modified":"2026-04-08T10:04:00","modified_gmt":"2026-04-08T13:04:00","slug":"didgeridoo-en-eucalipto","status":"publish","type":"product","link":"https:\/\/www.mendoza.gov.ar\/catalogoeconomiasocial\/producto\/didgeridoo-en-eucalipto\/","title":{"rendered":"Didgeridoo en Eucalipto"},"content":{"rendered":"<!DOCTYPE html PUBLIC \"-\/\/W3C\/\/DTD HTML 4.0 Transitional\/\/EN\" \"http:\/\/www.w3.org\/TR\/REC-html40\/loose.dtd\">\n\n","protected":false},"excerpt":{"rendered":"Didgeridoo en madera de eucalipto tallado con detalle de serpiente. Es una pieza \u00fanica que combina la tradici\u00f3n aborigen con la calidad artesanal. Con un largo de 148 cm y un di\u00e1metro de boquilla de 40 mm, este instrumento ofrece una experiencia sonora envolvente y profunda. Fabricado en Mendoza, su cuerpo de eucalipto proporciona un tono c\u00e1lido y resonante, ideal para quienes buscan meditaci\u00f3n y relajaci\u00f3n. La afinaci\u00f3n en Si 432 Hz permite una conexi\u00f3n arm\u00f3nica con el entorno, favoreciendo la sanaci\u00f3n y el bienestar. Su acabado en cera resalta la belleza natural de la madera, mientras que el di\u00e1metro del extremo inferior de 70 mm asegura una proyecci\u00f3n sonora potente. Tiene la runa Ansuz grabada en piedra, asociada al elemento aire, representa los conocimientos, la comunicaci\u00f3n y la transmisi\u00f3n de mensajes. La sabidur\u00eda expresada a trav\u00e9s del sonido Adem\u00e1s, incluye una Funda que facilita su transporte y protecci\u00f3n. Este didgeridoo es perfecto tanto para m\u00fasicos experimentados como para principiantes que deseen explorar el mundo de los sonidos ancestrales. Con su dise\u00f1o ergon\u00f3mico y materiales de alta calidad, cada nota que emite es un viaje hacia la calma y la introspecci\u00f3n. Ideal para sesiones de yoga, meditaci\u00f3n o simplemente para disfrutar de la m\u00fasica en casa. Nota: Si (B)- 432hz Largo: 1,48 mt Di\u00e1metro de campana: 7 cm","protected":false},"featured_media":61366,"comment_status":"open","ping_status":"closed","template":"","meta":[],"product_cat":[6087,1428],"product_tag":[8259,1074,649,6852],"_links":{"self":[{"href":"https:\/\/www.mendoza.gov.ar\/catalogoeconomiasocial\/wp-json\/wp\/v2\/product\/61361"}],"collection":[{"href":"https:\/\/www.mendoza.gov.ar\/catalogoeconomiasocial\/wp-json\/wp\/v2\/product"}],"about":[{"href":"https:\/\/www.mendoza.gov.ar\/catalogoeconomiasocial\/wp-json\/wp\/v2\/types\/product"}],"replies":[{"embeddable":true,"href":"https:\/\/www.mendoza.gov.ar\/catalogoeconomiasocial\/wp-json\/wp\/v2\/comments?post=61361"}],"wp:featuredmedia":[{"embeddable":true,"href":"https:\/\/www.mendoza.gov.ar\/catalogoeconomiasocial\/wp-json\/wp\/v2\/media\/61366"}],"wp:attachment":[{"href":"https:\/\/www.mendoza.gov.ar\/catalogoeconomiasocial\/wp-json\/wp\/v2\/media?parent=61361"}],"wp:term":[{"taxonomy":"product_cat","embeddable":true,"href":"https:\/\/www.mendoza.gov.ar\/catalogoeconomiasocial\/wp-json\/wp\/v2\/product_cat?post=61361"},{"taxonomy":"product_tag","embeddable":true,"href":"https:\/\/www.mendoza.gov.ar\/catalogoeconomiasocial\/wp-json\/wp\/v2\/product_tag?post=61361"}],"curies":[{"name":"wp","href":"https:\/\/api.w.org\/{rel}","templated":true}]}}