{"id":61406,"date":"2026-02-12T12:37:24","date_gmt":"2026-02-12T15:37:24","guid":{"rendered":"https:\/\/www.mendoza.gov.ar\/catalogoeconomiasocial\/?post_type=product&#038;p=61406"},"modified":"2026-02-12T12:37:24","modified_gmt":"2026-02-12T15:37:24","slug":"lampara-3d","status":"publish","type":"product","link":"https:\/\/www.mendoza.gov.ar\/catalogoeconomiasocial\/producto\/lampara-3d\/","title":{"rendered":"L\u00e1mpara 3D"},"content":{"rendered":"<!DOCTYPE html PUBLIC \"-\/\/W3C\/\/DTD HTML 4.0 Transitional\/\/EN\" \"http:\/\/www.w3.org\/TR\/REC-html40\/loose.dtd\">\n\n","protected":false},"excerpt":{"rendered":"L\u00e1mpara 3D con luz RGB L\u00e1mpara decorativa fabricada mediante impresi\u00f3n 3D, dise\u00f1ada para combinar est\u00e9tica moderna y funcionalidad. Incorpora iluminaci\u00f3n LED RGB con m\u00faltiples opciones de color, permitiendo crear distintos ambientes seg\u00fan la ocasi\u00f3n. Su estructura liviana y resistente, fabricada en PLA de excelente calidad, garantiza una terminaci\u00f3n prolija y durabilidad. Ideal para escritorios, mesas de luz o espacios decorativos que busquen un toque innovador y personalizado.","protected":false},"featured_media":61407,"comment_status":"open","ping_status":"closed","template":"","meta":[],"product_cat":[6046,6058,6067,6073],"product_tag":[4765,1045],"_links":{"self":[{"href":"https:\/\/www.mendoza.gov.ar\/catalogoeconomiasocial\/wp-json\/wp\/v2\/product\/61406"}],"collection":[{"href":"https:\/\/www.mendoza.gov.ar\/catalogoeconomiasocial\/wp-json\/wp\/v2\/product"}],"about":[{"href":"https:\/\/www.mendoza.gov.ar\/catalogoeconomiasocial\/wp-json\/wp\/v2\/types\/product"}],"replies":[{"embeddable":true,"href":"https:\/\/www.mendoza.gov.ar\/catalogoeconomiasocial\/wp-json\/wp\/v2\/comments?post=61406"}],"wp:featuredmedia":[{"embeddable":true,"href":"https:\/\/www.mendoza.gov.ar\/catalogoeconomiasocial\/wp-json\/wp\/v2\/media\/61407"}],"wp:attachment":[{"href":"https:\/\/www.mendoza.gov.ar\/catalogoeconomiasocial\/wp-json\/wp\/v2\/media?parent=61406"}],"wp:term":[{"taxonomy":"product_cat","embeddable":true,"href":"https:\/\/www.mendoza.gov.ar\/catalogoeconomiasocial\/wp-json\/wp\/v2\/product_cat?post=61406"},{"taxonomy":"product_tag","embeddable":true,"href":"https:\/\/www.mendoza.gov.ar\/catalogoeconomiasocial\/wp-json\/wp\/v2\/product_tag?post=61406"}],"curies":[{"name":"wp","href":"https:\/\/api.w.org\/{rel}","templated":true}]}}