{"id":61408,"date":"2026-02-12T12:39:22","date_gmt":"2026-02-12T15:39:22","guid":{"rendered":"https:\/\/www.mendoza.gov.ar\/catalogoeconomiasocial\/?post_type=product&#038;p=61408"},"modified":"2026-02-12T12:39:23","modified_gmt":"2026-02-12T15:39:23","slug":"llaveros-personalizados-4","status":"publish","type":"product","link":"https:\/\/www.mendoza.gov.ar\/catalogoeconomiasocial\/producto\/llaveros-personalizados-4\/","title":{"rendered":"Llaveros Personalizados"},"content":{"rendered":"<!DOCTYPE html PUBLIC \"-\/\/W3C\/\/DTD HTML 4.0 Transitional\/\/EN\" \"http:\/\/www.w3.org\/TR\/REC-html40\/loose.dtd\">\n\n","protected":false},"excerpt":{"rendered":"Llaveros fabricados con tecnolog\u00eda de impresi\u00f3n 3D, totalmente personalizables en dise\u00f1o, forma y color. Ideales para nombres, logos, frases o dise\u00f1os especiales. Realizados en PLA de alta calidad, ofrecen buena resistencia al uso diario y excelente definici\u00f3n en los detalles. Una opci\u00f3n pr\u00e1ctica y original para uso personal, o regalos empresariales.","protected":false},"featured_media":61411,"comment_status":"open","ping_status":"closed","template":"","meta":[],"product_cat":[6149,6366],"product_tag":[8266,548,6315],"_links":{"self":[{"href":"https:\/\/www.mendoza.gov.ar\/catalogoeconomiasocial\/wp-json\/wp\/v2\/product\/61408"}],"collection":[{"href":"https:\/\/www.mendoza.gov.ar\/catalogoeconomiasocial\/wp-json\/wp\/v2\/product"}],"about":[{"href":"https:\/\/www.mendoza.gov.ar\/catalogoeconomiasocial\/wp-json\/wp\/v2\/types\/product"}],"replies":[{"embeddable":true,"href":"https:\/\/www.mendoza.gov.ar\/catalogoeconomiasocial\/wp-json\/wp\/v2\/comments?post=61408"}],"wp:featuredmedia":[{"embeddable":true,"href":"https:\/\/www.mendoza.gov.ar\/catalogoeconomiasocial\/wp-json\/wp\/v2\/media\/61411"}],"wp:attachment":[{"href":"https:\/\/www.mendoza.gov.ar\/catalogoeconomiasocial\/wp-json\/wp\/v2\/media?parent=61408"}],"wp:term":[{"taxonomy":"product_cat","embeddable":true,"href":"https:\/\/www.mendoza.gov.ar\/catalogoeconomiasocial\/wp-json\/wp\/v2\/product_cat?post=61408"},{"taxonomy":"product_tag","embeddable":true,"href":"https:\/\/www.mendoza.gov.ar\/catalogoeconomiasocial\/wp-json\/wp\/v2\/product_tag?post=61408"}],"curies":[{"name":"wp","href":"https:\/\/api.w.org\/{rel}","templated":true}]}}