{"id":61412,"date":"2026-02-12T12:40:54","date_gmt":"2026-02-12T15:40:54","guid":{"rendered":"https:\/\/www.mendoza.gov.ar\/catalogoeconomiasocial\/?post_type=product&#038;p=61412"},"modified":"2026-02-12T12:40:54","modified_gmt":"2026-02-12T15:40:54","slug":"macetas-en-3d-2","status":"publish","type":"product","link":"https:\/\/www.mendoza.gov.ar\/catalogoeconomiasocial\/producto\/macetas-en-3d-2\/","title":{"rendered":"Macetas en 3D"},"content":{"rendered":"<!DOCTYPE html PUBLIC \"-\/\/W3C\/\/DTD HTML 4.0 Transitional\/\/EN\" \"http:\/\/www.w3.org\/TR\/REC-html40\/loose.dtd\">\n\n","protected":false},"excerpt":{"rendered":"Maceta dise\u00f1ada con sistema de autoriego integrado, que permite mantener la hidrataci\u00f3n adecuada de la planta por m\u00e1s tiempo. Su dise\u00f1o optimiza el consumo de agua, facilitando el cuidado diario y reduciendo la frecuencia de riego. Fabricada en PLA de excelente calidad mediante impresi\u00f3n 3D, combina funcionalidad, est\u00e9tica moderna y eficiencia. Ideal para interiores, escritorios y espacios reducidos.","protected":false},"featured_media":61413,"comment_status":"open","ping_status":"closed","template":"","meta":[],"product_cat":[6046,6080,6085],"product_tag":[4765,7297],"_links":{"self":[{"href":"https:\/\/www.mendoza.gov.ar\/catalogoeconomiasocial\/wp-json\/wp\/v2\/product\/61412"}],"collection":[{"href":"https:\/\/www.mendoza.gov.ar\/catalogoeconomiasocial\/wp-json\/wp\/v2\/product"}],"about":[{"href":"https:\/\/www.mendoza.gov.ar\/catalogoeconomiasocial\/wp-json\/wp\/v2\/types\/product"}],"replies":[{"embeddable":true,"href":"https:\/\/www.mendoza.gov.ar\/catalogoeconomiasocial\/wp-json\/wp\/v2\/comments?post=61412"}],"wp:featuredmedia":[{"embeddable":true,"href":"https:\/\/www.mendoza.gov.ar\/catalogoeconomiasocial\/wp-json\/wp\/v2\/media\/61413"}],"wp:attachment":[{"href":"https:\/\/www.mendoza.gov.ar\/catalogoeconomiasocial\/wp-json\/wp\/v2\/media?parent=61412"}],"wp:term":[{"taxonomy":"product_cat","embeddable":true,"href":"https:\/\/www.mendoza.gov.ar\/catalogoeconomiasocial\/wp-json\/wp\/v2\/product_cat?post=61412"},{"taxonomy":"product_tag","embeddable":true,"href":"https:\/\/www.mendoza.gov.ar\/catalogoeconomiasocial\/wp-json\/wp\/v2\/product_tag?post=61412"}],"curies":[{"name":"wp","href":"https:\/\/api.w.org\/{rel}","templated":true}]}}