{"id":61415,"date":"2026-02-12T13:01:52","date_gmt":"2026-02-12T16:01:52","guid":{"rendered":"https:\/\/www.mendoza.gov.ar\/catalogoeconomiasocial\/?post_type=product&#038;p=61415"},"modified":"2026-02-12T13:01:52","modified_gmt":"2026-02-12T16:01:52","slug":"rinonera-grace","status":"publish","type":"product","link":"https:\/\/www.mendoza.gov.ar\/catalogoeconomiasocial\/producto\/rinonera-grace\/","title":{"rendered":"Ri\u00f1onera &#8220;Grace&#8221;"},"content":{"rendered":"<!DOCTYPE html PUBLIC \"-\/\/W3C\/\/DTD HTML 4.0 Transitional\/\/EN\" \"http:\/\/www.w3.org\/TR\/REC-html40\/loose.dtd\">\n\n","protected":false},"excerpt":{"rendered":"La Ri\u00f1onera Grace es pr\u00e1ctica, c\u00f3moda y funcional, ideal para acompa\u00f1arte en el d\u00eda a d\u00eda. Cuenta con tres bolsillos : un bolsillo principal amplio para llevar lo esencial, un bolsillo frontal con cierre en la parte superior para un acceso r\u00e1pido y seguro, y un bolsillo trasero ubicado en la parte de la espalda, perfecto para guardar objetos de mayor valor. Est\u00e1 realizada en PU (tela pl\u00e1stica) y cuenta con interior forrado, lo que brinda mayor durabilidad y una mejor terminaci\u00f3n. Sus costuras son reforzadas, garantizando resistencia y calidad en cada uso.","protected":false},"featured_media":61416,"comment_status":"open","ping_status":"closed","template":"","meta":[],"product_cat":[5923,6098,6101],"product_tag":[967,1080,630,5134],"_links":{"self":[{"href":"https:\/\/www.mendoza.gov.ar\/catalogoeconomiasocial\/wp-json\/wp\/v2\/product\/61415"}],"collection":[{"href":"https:\/\/www.mendoza.gov.ar\/catalogoeconomiasocial\/wp-json\/wp\/v2\/product"}],"about":[{"href":"https:\/\/www.mendoza.gov.ar\/catalogoeconomiasocial\/wp-json\/wp\/v2\/types\/product"}],"replies":[{"embeddable":true,"href":"https:\/\/www.mendoza.gov.ar\/catalogoeconomiasocial\/wp-json\/wp\/v2\/comments?post=61415"}],"wp:featuredmedia":[{"embeddable":true,"href":"https:\/\/www.mendoza.gov.ar\/catalogoeconomiasocial\/wp-json\/wp\/v2\/media\/61416"}],"wp:attachment":[{"href":"https:\/\/www.mendoza.gov.ar\/catalogoeconomiasocial\/wp-json\/wp\/v2\/media?parent=61415"}],"wp:term":[{"taxonomy":"product_cat","embeddable":true,"href":"https:\/\/www.mendoza.gov.ar\/catalogoeconomiasocial\/wp-json\/wp\/v2\/product_cat?post=61415"},{"taxonomy":"product_tag","embeddable":true,"href":"https:\/\/www.mendoza.gov.ar\/catalogoeconomiasocial\/wp-json\/wp\/v2\/product_tag?post=61415"}],"curies":[{"name":"wp","href":"https:\/\/api.w.org\/{rel}","templated":true}]}}